{"id":4835,"date":"2019-05-16T17:01:58","date_gmt":"2019-05-16T17:01:58","guid":{"rendered":"https:\/\/malihealth.org\/dugubaw-daf%c9%9b-law-la\/"},"modified":"2025-04-07T11:14:50","modified_gmt":"2025-04-07T11:14:50","slug":"dugubaw-daf%c9%9b-law-la","status":"publish","type":"page","link":"https:\/\/malihealth.org\/ba\/dugubaw-daf%c9%9b-law-la\/","title":{"rendered":"Dugubaw daf\u025b law la"},"content":{"rendered":"<p>[et_pb_section fb_built=&#8221;1&#8243; fullwidth=&#8221;on&#8221; _builder_version=&#8221;4.16&#8243; global_colors_info=&#8221;{}&#8221;][et_pb_fullwidth_header _builder_version=&#8221;4.27.4&#8243; content_font=&#8221;Sue Ellen Francisco||||||||&#8221; content_text_color=&#8221;#212547&#8243; content_font_size=&#8221;55px&#8221; content_line_height=&#8221;1.8em&#8221; background_enable_color=&#8221;off&#8221; background_image=&#8221;https:\/\/malihealth.org\/wp-content\/uploads\/2019\/09\/peri-urban-communities-header.jpg&#8221; min_height=&#8221;319px&#8221; custom_padding=&#8221;53px|||||&#8221; global_colors_info=&#8221;{}&#8221;]<\/p>\n<p style=\"text-align: center;\"><img loading=\"lazy\" decoding=\"async\" class=\"wp-image-627 alignnone size-full\" src=\"https:\/\/malihealth.org\/wp-content\/uploads\/2019\/03\/arrow_right.png\" alt=\"\" width=\"28\" height=\"41\">Dugubaw daf\u025b law la<img loading=\"lazy\" decoding=\"async\" class=\"wp-image-626 alignnone size-full\" src=\"https:\/\/malihealth.org\/wp-content\/uploads\/2019\/03\/arrow_left.png\" alt=\"\" width=\"28\" height=\"41\"><br \/>\n<\/p>\n<p>[\/et_pb_fullwidth_header][\/et_pb_section][et_pb_section fb_built=&#8221;1&#8243; admin_label=&#8221;section&#8221; _builder_version=&#8221;4.16&#8243; global_colors_info=&#8221;{}&#8221;][et_pb_row column_structure=&#8221;1_4,3_4&#8243; admin_label=&#8221;rang\u00e9e&#8221; module_class=&#8221; et_pb_row_fullwidth&#8221; _builder_version=&#8221;4.16&#8243; background_size=&#8221;initial&#8221; background_position=&#8221;top_left&#8221; background_repeat=&#8221;repeat&#8221; width=&#8221;89%&#8221; width_tablet=&#8221;80%&#8221; width_phone=&#8221;&#8221; width_last_edited=&#8221;on|desktop&#8221; max_width=&#8221;89%&#8221; max_width_tablet=&#8221;80%&#8221; max_width_phone=&#8221;&#8221; max_width_last_edited=&#8221;on|desktop&#8221; custom_padding=&#8221;27px|0px|27px|0|false|false&#8221; make_fullwidth=&#8221;on&#8221; global_colors_info=&#8221;{}&#8221;][et_pb_column type=&#8221;1_4&#8243; _builder_version=&#8221;4.16&#8243; custom_padding=&#8221;|||&#8221; global_colors_info=&#8221;{}&#8221; custom_padding__hover=&#8221;|||&#8221;][et_pb_text _builder_version=&#8221;4.16&#8243; text_font=&#8221;||||||||&#8221; text_font_size=&#8221;22px&#8221; global_colors_info=&#8221;{}&#8221;]<strong>MALI KUNAFONI<\/strong>[\/et_pb_text][et_pb_text module_id=&#8221;side-menu&#8221; _builder_version=&#8221;4.27.4&#8243; text_font=&#8221;||||||||&#8221; text_font_size=&#8221;16px&#8221; global_colors_info=&#8221;{}&#8221;]<\/p>\n<p><a href=\"https:\/\/malihealth.org\/ba\/musow\/\" title=\"Musow\"><span style=\"color: #000000;\">Musow<\/span><\/a><\/p>\n<p><span style=\"color: #000000;\"><a style=\"color: #000000;\" title=\"Demis\u025bniw\" href=\"https:\/\/malihealth.org\/ba\/demis%c9%9bniw\/\">Demis\u025bniw<\/a><\/span><\/p>\n<p><a href=\"https:\/\/malihealth.biz\/peri-urban-communities\" title=\"Dugubaw daf\u025b law la\"><img loading=\"lazy\" decoding=\"async\" src=\"https:\/\/malihealth.org\/wp-content\/uploads\/2019\/05\/Group-3.png\" alt=\"\" class=\"wp-image-798 alignnone size-full\" width=\"12\" height=\"22\"> <span style=\"color: #a1412b;\"><strong>Dugubaw daf\u025b law la<\/strong><\/span> <img loading=\"lazy\" decoding=\"async\" src=\"https:\/\/malihealth.org\/wp-content\/uploads\/2019\/05\/Group-3-Copy.png\" alt=\"\" class=\"wp-image-799 alignnone size-full\" width=\"12\" height=\"22\"><\/a><\/p>\n<p><a href=\"https:\/\/malihealth.org\/ba\/sigidala-k%c9%9bn%c9%9bya-baaraw\/\" title=\"Sigidala k\u025bn\u025bya baaraw\"><span style=\"color: #000000;\">Sigidala k\u025bn\u025bya baaraw<\/span><\/a><\/p>\n<p>[\/et_pb_text][\/et_pb_column][et_pb_column type=&#8221;3_4&#8243; _builder_version=&#8221;4.16&#8243; custom_padding=&#8221;|||&#8221; global_colors_info=&#8221;{}&#8221; custom_padding__hover=&#8221;|||&#8221;][et_pb_code _builder_version=&#8221;4.27.4&#8243; _module_preset=&#8221;default&#8221; hover_enabled=&#8221;0&#8243; global_colors_info=&#8221;{}&#8221; text_orientation=&#8221;right&#8221; sticky_enabled=&#8221;0&#8243;]\n<div role=\"navigation\" aria-label=\"Language Switcher\" class=\"wpml-ls-statics-shortcode_actions wpml-ls wpml-ls-legacy-list-horizontal\">\n\t<ul><li class=\"wpml-ls-slot-shortcode_actions wpml-ls-item wpml-ls-item-en wpml-ls-first-item wpml-ls-item-legacy-list-horizontal\">\n\t\t\t\t<a href=\"https:\/\/malihealth.org\/\" hreflang=\"en\" lang=\"en\" class=\"wpml-ls-link\" aria-label=\"Switch to English\" title=\"Switch to English\">\n\t\t\t\t\t<span class=\"wpml-ls-native\">English<\/span><\/a>\n\t\t\t<\/li><li class=\"wpml-ls-slot-shortcode_actions wpml-ls-item wpml-ls-item-fr wpml-ls-item-legacy-list-horizontal\">\n\t\t\t\t<a href=\"https:\/\/malihealth.org\/fr\/\" hreflang=\"fr\" lang=\"fr\" class=\"wpml-ls-link\" aria-label=\"Switch to Fran\u00e7ais\" title=\"Switch to Fran\u00e7ais\">\n\t\t\t\t\t<span class=\"wpml-ls-native\">Fran\u00e7ais<\/span><\/a>\n\t\t\t<\/li><li class=\"wpml-ls-slot-shortcode_actions wpml-ls-item wpml-ls-item-ba wpml-ls-current-language wpml-ls-last-item wpml-ls-item-legacy-list-horizontal\">\n\t\t\t\t<a href=\"https:\/\/malihealth.org\/ba\/\" hreflang=\"ba\" lang=\"ba\" class=\"wpml-ls-link\" aria-current=\"page\" aria-label=\"Switch to Bamanankan\" title=\"Switch to Bamanankan\">\n\t\t\t\t\t<span class=\"wpml-ls-native\">Bamanankan<\/span><\/a>\n\t\t\t<\/li><\/ul>\n<\/div>\n[\/et_pb_code][et_pb_text _builder_version=&#8221;4.16&#8243; text_font=&#8221;Sue Ellen Francisco||||||||&#8221; text_text_color=&#8221;#a1412b&#8221; text_font_size=&#8221;39px&#8221; text_line_height=&#8221;1.8em&#8221; max_width=&#8221;80%&#8221; global_colors_info=&#8221;{}&#8221;]<\/p>\n<p class=\"p1\">Ina fo dunya y\u0254r\u0254 t\u0254w Mali f\u025bn\u025b dugubaw b\u025b ka caya<img loading=\"lazy\" decoding=\"async\" src=\"https:\/\/malihealth.org\/wp-content\/uploads\/2019\/05\/dots.png\" alt=\"\" class=\"wp-image-725 alignnone size-full\" width=\"740\" height=\"5\" srcset=\"https:\/\/malihealth.org\/wp-content\/uploads\/2019\/05\/dots.png 740w, https:\/\/malihealth.org\/wp-content\/uploads\/2019\/05\/dots-600x4.png 600w, https:\/\/malihealth.org\/wp-content\/uploads\/2019\/05\/dots-300x2.png 300w\" sizes=\"(max-width: 740px) 100vw, 740px\" \/><\/p>\n<p>[\/et_pb_text][et_pb_text _builder_version=&#8221;4.16&#8243; text_font=&#8221;||||||||&#8221; text_font_size=&#8221;18px&#8221; max_width=&#8221;80%&#8221; global_colors_info=&#8221;{}&#8221;]<\/p>\n<p class=\"p1\"><span class=\"s1\">Bamako boyan li teliyala wa dama k\u025by\u025b ma k\u025b a kola.<br \/>Nabaa kuraw caman ba sigi sonsorobuguw k\u0254n\u0254. Kuran, ji ani k\u025bn\u025bya sow s\u0254r\u0254 li ka g\u025bl\u025bn o y\u0254r\u0254 nunu na kos\u025bb\u025b.  <br \/><\/span><\/p>\n<p class=\"p1\"><span class=\"s1\">Mali Health b\u025b baara k\u025b Bamako k\u025br\u025bf\u025b sigida 16 k\u0254n\u0254. S\u0254r\u0254 ka bo dugubaw k\u0254n\u0254 nga anw b\u025b baara k\u025b dugu mis\u025bni munu k\u0254n\u0254, olu ka lahalaw ka g\u025bl\u025bn kos\u025bb\u025b. <\/span><\/p>\n<p class=\"p1\"><span class=\"s1\">Duguba lamini sigi bagaw b\u025b balo fantan ya jugu de k\u0254n\u0254. Wa kalan siraw ni jago sira munu b\u025b se ka u d\u025bm\u025b ka d\u0254 k\u025b u y\u025br\u025b ye s\u0254r\u0254 li ma n\u0254g\u0254n u ma ali d\u0254ni. <\/span><span class=\"s1\">Wa sigidac\u025b sirilenbaw do, fara \u0272\u0254g\u0254n galabu b\u025b ula walasa ka u ka sigidaw b\u025b n\u0254g\u0254la. <\/span><\/p>\n<p class=\"p1\"><span class=\"s1\">Bamako boyan li b\u025b ka teliya, segi baara munu b\u025b na k\u025b siraw kan, o de b\u025bna dugu ba k\u0254n\u0254 m\u0254g\u0254w ka sigi lahalaw yira don nataw la.<\/span><\/p>\n<p class=\"p1\"><span class=\"s1\"><\/span><\/p>\n<p class=\"p1\" style=\"text-align: center;\">\n<p>[\/et_pb_text][\/et_pb_column][\/et_pb_row][\/et_pb_section][et_pb_section fb_built=&#8221;1&#8243; _builder_version=&#8221;4.22.1&#8243; _module_preset=&#8221;default&#8221; background_image=&#8221;https:\/\/malihealth.org\/wp-content\/uploads\/2020\/05\/PeriUrban_Sambisko.jpg&#8221; global_colors_info=&#8221;{}&#8221;][et_pb_row column_structure=&#8221;1_3,1_3,1_3&#8243; _builder_version=&#8221;4.22.1&#8243; _module_preset=&#8221;default&#8221; global_colors_info=&#8221;{}&#8221;][et_pb_column type=&#8221;1_3&#8243; _builder_version=&#8221;4.22.1&#8243; _module_preset=&#8221;default&#8221; global_colors_info=&#8221;{}&#8221;][\/et_pb_column][et_pb_column type=&#8221;1_3&#8243; _builder_version=&#8221;4.22.1&#8243; _module_preset=&#8221;default&#8221; global_colors_info=&#8221;{}&#8221;][\/et_pb_column][et_pb_column type=&#8221;1_3&#8243; _builder_version=&#8221;4.22.1&#8243; _module_preset=&#8221;default&#8221; global_colors_info=&#8221;{}&#8221;][et_pb_text _builder_version=&#8221;4.27.4&#8243; text_font=&#8221;Sue Ellen Francisco||||||||&#8221; text_font_size=&#8221;36px&#8221; text_line_height=&#8221;1.5em&#8221; background_color=&#8221;#f7f4e9&#8243; min_height=&#8221;551px&#8221; custom_margin=&#8221;10px|0px|10px|0px|false|false&#8221; custom_padding=&#8221;40px|20px|0px|20px|false|false&#8221; inline_fonts=&#8221;Open Sans,Open Sans Condensed&#8221; global_colors_info=&#8221;{}&#8221;]<\/p>\n<p><img loading=\"lazy\" decoding=\"async\" src=\"https:\/\/malihealth.org\/wp-content\/uploads\/2019\/03\/symbol1.png\" alt=\"\" class=\"wp-image-628 alignnone size-full\" style=\"display: block; margin-left: auto; margin-right: auto;\" width=\"70\" height=\"52\"><\/p>\n<p style=\"text-align: center;\"><span class=\"s1\">Aw ni kalan walasa ka s\u0254r\u0254 bonsoni ko jugu k\u0254l\u0254l\u0254w don demis\u025bniw ni denba tigiw ka <\/span><span class=\"s1\">k\u025bn\u025bya kow kan.<\/span><\/p>\n<p style=\"text-align: center;\"><span class=\"s1\"> <\/span><span style=\"text-decoration: underline;\"><span style=\"color: #a1412b;\"><a href=\"https:\/\/www.savethechildren.org\/content\/dam\/usa\/reports\/advocacy\/sowm\/sowm-2015.pdf\" target=\"_blank\" rel=\"noopener noreferrer\" style=\"color: #a1412b;\"><span class=\"s1\">Save the Children ka s\u025bg\u025bs\u025bg\u025bli s\u025bb\u025bn jabi denbaw ka lahalaw kan san 2015 la duniya k\u0254n\u0254.<br \/><\/span><\/a><\/span><\/span><\/p>\n<p>[\/et_pb_text][\/et_pb_column][\/et_pb_row][\/et_pb_section][et_pb_section fb_built=&#8221;1&#8243; _builder_version=&#8221;4.22.1&#8243; _module_preset=&#8221;default&#8221; global_colors_info=&#8221;{}&#8221;][et_pb_row _builder_version=&#8221;4.27.4&#8243; global_colors_info=&#8221;{}&#8221;][et_pb_column type=&#8221;4_4&#8243; _builder_version=&#8221;4.27.4&#8243; custom_padding=&#8221;|||&#8221; global_colors_info=&#8221;{}&#8221; custom_padding__hover=&#8221;|||&#8221;][et_pb_text _builder_version=&#8221;4.27.4&#8243; text_font=&#8221;Sue Ellen Francisco||||||||&#8221; text_text_color=&#8221;#000000&#8243; text_font_size=&#8221;40px&#8221; custom_margin=&#8221;|||&#8221; custom_padding=&#8221;30px||15px|&#8221; global_colors_info=&#8221;{}&#8221;]<\/p>\n<p style=\"text-align: center;\"><img loading=\"lazy\" decoding=\"async\" class=\"wp-image-627 alignnone size-full\" src=\"https:\/\/malihealth.org\/wp-content\/uploads\/2019\/03\/arrow_right.png\" alt=\"\" width=\"28\" height=\"41\"> Anw b\u025b baara k\u025b y\u0254r\u0254 mi. <img loading=\"lazy\" decoding=\"async\" class=\"wp-image-626 alignnone size-full\" src=\"https:\/\/malihealth.org\/wp-content\/uploads\/2019\/03\/arrow_left.png\" alt=\"\" width=\"28\" height=\"41\"><\/p>\n<p>[\/et_pb_text][et_pb_text _builder_version=&#8221;4.27.4&#8243; _module_preset=&#8221;default&#8221; global_colors_info=&#8221;{}&#8221;]<\/p>\n<p style=\"text-align: center;\">Anw b\u025b baara k\u025b Bamako lamini sigida 16 k\u0254n\u0254 ani togoda la sigida 3 k\u0254n\u0254 Sikaso marala, Mali worodugu yan fanf\u025b.<\/p>\n<p style=\"text-align: center;\">Aw ye anw ka ni carti mafil\u025b walasa ka faamuyali s\u0254r\u0254 :<\/p>\n<p>[\/et_pb_text][et_pb_code _builder_version=&#8221;4.16&#8243; text_orientation=&#8221;center&#8221; global_colors_info=&#8221;{}&#8221;]<iframe loading=\"lazy\" src=\"https:\/\/www.google.com\/maps\/d\/embed?mid=12ETaeNImn2z9nZ943cEGCpu1eaxo64fa\" width=\"640\" height=\"480\"><\/iframe>[\/et_pb_code][\/et_pb_column][\/et_pb_row][\/et_pb_section][et_pb_section fb_built=&#8221;1&#8243; admin_label=&#8221;Footer&#8221; _builder_version=&#8221;4.20.0&#8243; _module_preset=&#8221;default&#8221; background_color=&#8221;#293B45&#8243; use_background_color_gradient=&#8221;on&#8221; background_color_gradient_stops=&#8221;gcid-606d042f-c90f-4ea6-97e7-7b08f1ba25f6 20%|rgba(41,59,69,0.8) 100%&#8221; background_color_gradient_overlays_image=&#8221;on&#8221; background_image=&#8221;https:\/\/malihealth.org\/wp-content\/uploads\/2023\/10\/coaching-8.jpg&#8221; saved_tabs=&#8221;all&#8221; collapsed=&#8221;on&#8221; global_colors_info=&#8221;{%22gcid-606d042f-c90f-4ea6-97e7-7b08f1ba25f6%22:%91%22background_color_gradient_stops%22%93}&#8221;][et_pb_row column_structure=&#8221;1_2,1_2&#8243; _builder_version=&#8221;4.20.0&#8243; _module_preset=&#8221;default&#8221; custom_padding=&#8221;||9px|||&#8221; global_colors_info=&#8221;{}&#8221;][et_pb_column type=&#8221;1_2&#8243; _builder_version=&#8221;4.20.0&#8243; _module_preset=&#8221;default&#8221; global_colors_info=&#8221;{}&#8221;][et_pb_image src=&#8221;https:\/\/malihealth.org\/wp-content\/uploads\/2019\/09\/malihealth-white-logo-horizontal.png&#8221; alt=&#8221;Mali Health logo&#8221; title_text=&#8221;malihealth-white-logo-horizontal&#8221; _builder_version=&#8221;4.23.2&#8243; _module_preset=&#8221;default&#8221; width=&#8221;70%&#8221; module_alignment=&#8221;center&#8221; global_colors_info=&#8221;{}&#8221;][\/et_pb_image][et_pb_text _builder_version=&#8221;4.23.2&#8243; _module_preset=&#8221;9783e755-4179-4501-99ba-93aa95e31bf9&#8243; text_text_color=&#8221;#FFFFFF&#8221; global_colors_info=&#8221;{%22gcid-606d042f-c90f-4ea6-97e7-7b08f1ba25f6%22:%91%22text_text_color%22%93}&#8221;]<\/p>\n<p>Mali K\u025bn\u025bya b\u025b denbatigiw ni denw ka k\u025bn\u025bya sabati a k\u025bt\u0254 ka musow, sigidam\u0254g\u0254w, ani sigida k\u025bn\u025byabaarak\u025blaw d\u025bm\u025b walasa ka sigida furaw lab\u025bn minnu b\u2019a to ba ni den b\u025b\u025b ka se ka furak\u025bli f\u0254l\u0254 \u0272uman s\u0254r\u0254.<span><span style=\"color: #073763;\"><\/span><\/span><\/p>\n<p>[\/et_pb_text][\/et_pb_column][et_pb_column type=&#8221;1_2&#8243; _builder_version=&#8221;4.20.0&#8243; _module_preset=&#8221;default&#8221; global_colors_info=&#8221;{}&#8221;][et_pb_signup mailchimp_list=&#8221;Mali Health Mailing List|Mali Health Mailing List|679a864c84&#8243; name_field=&#8221;on&#8221; success_message=&#8221;Aw ni ce aw ka fara an ka sigida la!&#8221; title=&#8221;Aw ka fara an ka sigida kan&#8221; button_text=&#8221;T\u0254g\u0254 s\u025bb\u025bn&#8221; _builder_version=&#8221;4.23.1&#8243; _module_preset=&#8221;default&#8221; form_field_background_color=&#8221;RGBA(255,255,255,0)&#8221; form_field_text_color=&#8221;#FFFFFF&#8221; header_font=&#8221;Questrial||||||||&#8221; form_field_font_size=&#8221;14px&#8221; background_color=&#8221;RGBA(255,255,255,0)&#8221; custom_button=&#8221;on&#8221; button_text_size=&#8221;24px&#8221; button_text_color=&#8221;#293b45&#8243; button_bg_color=&#8221;#FFFFFF&#8221; button_font=&#8221;Questrial||||||||&#8221; button_icon=&#8221;&#x35;||divi||400&#8243; border_radii_fields=&#8221;on|0px|0px|0px|0px&#8221; border_width_all_fields=&#8221;1px&#8221; border_color_all_fields=&#8221;#FFFFFF&#8221; global_colors_info=&#8221;{}&#8221;][\/et_pb_signup][\/et_pb_column][\/et_pb_row][et_pb_row column_structure=&#8221;1_3,1_3,1_3&#8243; _builder_version=&#8221;4.20.0&#8243; _module_preset=&#8221;default&#8221; global_colors_info=&#8221;{}&#8221;][et_pb_column type=&#8221;1_3&#8243; _builder_version=&#8221;4.20.0&#8243; _module_preset=&#8221;default&#8221; global_colors_info=&#8221;{}&#8221;][et_pb_text _builder_version=&#8221;4.23.2&#8243; _module_preset=&#8221;9783e755-4179-4501-99ba-93aa95e31bf9&#8243; text_text_color=&#8221;#FFFFFF&#8221; link_text_color=&#8221;#FFFFFF&#8221; text_orientation=&#8221;center&#8221; custom_margin=&#8221;||10px||false|false&#8221; global_colors_info=&#8221;{%22gcid-606d042f-c90f-4ea6-97e7-7b08f1ba25f6%22:%91%22text_text_color%22%93}&#8221;]<\/p>\n<p style=\"text-align: left;\">US \/\/<br \/>PO Box 51632, Durham, NC 27717<\/p>\n<p style=\"text-align: left;\">Mali \/\/<br \/>Hamdallaye ACI 2000<br \/>Rue 100, Porte 222<br \/>Commune IV du District de Bamako<br \/>C\u00f4t\u00e9 Ouest de l&#8217;Ecole de Maintien de la Paix Alione Blondin Beye<\/p>\n<p>[\/et_pb_text][\/et_pb_column][et_pb_column type=&#8221;1_3&#8243; _builder_version=&#8221;4.20.0&#8243; _module_preset=&#8221;default&#8221; global_colors_info=&#8221;{}&#8221;][et_pb_text _builder_version=&#8221;4.23.2&#8243; _module_preset=&#8221;9783e755-4179-4501-99ba-93aa95e31bf9&#8243; text_text_color=&#8221;#FFFFFF&#8221; link_text_color=&#8221;#FFFFFF&#8221; text_orientation=&#8221;center&#8221; custom_margin=&#8221;||10px||false|false&#8221; locked=&#8221;off&#8221; global_colors_info=&#8221;{%22gcid-606d042f-c90f-4ea6-97e7-7b08f1ba25f6%22:%91%22text_text_color%22%93}&#8221;]<\/p>\n<p><a href=\"malihealth.org\/values\" target=\"_blank\" rel=\"noopener\">Nos valeurs<\/a><\/p>\n<p>[\/et_pb_text][et_pb_text _builder_version=&#8221;4.23.2&#8243; _module_preset=&#8221;9783e755-4179-4501-99ba-93aa95e31bf9&#8243; text_text_color=&#8221;#FFFFFF&#8221; link_text_color=&#8221;#FFFFFF&#8221; text_orientation=&#8221;center&#8221; custom_margin=&#8221;||10px||false|false&#8221; locked=&#8221;off&#8221; global_colors_info=&#8221;{%22gcid-606d042f-c90f-4ea6-97e7-7b08f1ba25f6%22:%91%22text_text_color%22%93}&#8221;]<\/p>\n<p><a href=\"https:\/\/malihealth.org\/our-approach\/\" target=\"_blank\" rel=\"noopener\">Notre approche<\/a><\/p>\n<p>[\/et_pb_text][et_pb_text _builder_version=&#8221;4.23.2&#8243; _module_preset=&#8221;9783e755-4179-4501-99ba-93aa95e31bf9&#8243; text_text_color=&#8221;#FFFFFF&#8221; link_text_color=&#8221;#FFFFFF&#8221; text_orientation=&#8221;center&#8221; custom_margin=&#8221;||10px||false|false&#8221; locked=&#8221;off&#8221; global_colors_info=&#8221;{%22gcid-606d042f-c90f-4ea6-97e7-7b08f1ba25f6%22:%91%22text_text_color%22%93}&#8221;]<\/p>\n<p><a href=\"https:\/\/malihealth.org\/donate\/\" target=\"_blank\" rel=\"noopener\">Soutenir l&#8217;\u00e9quit\u00e9 en sant\u00e9<\/a><\/p>\n<p>[\/et_pb_text][et_pb_text _builder_version=&#8221;4.23.2&#8243; _module_preset=&#8221;9783e755-4179-4501-99ba-93aa95e31bf9&#8243; text_text_color=&#8221;#FFFFFF&#8221; link_text_color=&#8221;#FFFFFF&#8221; text_orientation=&#8221;center&#8221; custom_margin=&#8221;||10px||false|false&#8221; locked=&#8221;off&#8221; global_colors_info=&#8221;{%22gcid-606d042f-c90f-4ea6-97e7-7b08f1ba25f6%22:%91%22text_text_color%22%93}&#8221;]<\/p>\n<p><a href=\"https:\/\/malihealth.org\/blog\/\">Mises \u00e0 jour<\/a><\/p>\n<p>[\/et_pb_text][\/et_pb_column][et_pb_column type=&#8221;1_3&#8243; _builder_version=&#8221;4.20.0&#8243; _module_preset=&#8221;default&#8221; global_colors_info=&#8221;{}&#8221;][et_pb_social_media_follow _builder_version=&#8221;4.23.2&#8243; _module_preset=&#8221;default&#8221; text_orientation=&#8221;center&#8221; custom_margin=&#8221;12px||12px||false|false&#8221; global_colors_info=&#8221;{}&#8221;][et_pb_social_media_follow_network social_network=&#8221;facebook&#8221; url=&#8221;https:\/\/www.facebook.com\/MaliHealth\/&#8221; _builder_version=&#8221;4.23.2&#8243; _module_preset=&#8221;default&#8221; global_colors_info=&#8221;{}&#8221; follow_button=&#8221;off&#8221; url_new_window=&#8221;on&#8221;]facebook[\/et_pb_social_media_follow_network][et_pb_social_media_follow_network social_network=&#8221;instagram&#8221; url=&#8221;http:\/\/instagram.com\/malihealth&#8221; _builder_version=&#8221;4.23.2&#8243; _module_preset=&#8221;default&#8221; global_colors_info=&#8221;{}&#8221; follow_button=&#8221;off&#8221; url_new_window=&#8221;on&#8221;]instagram[\/et_pb_social_media_follow_network][et_pb_social_media_follow_network social_network=&#8221;linkedin&#8221; url=&#8221;https:\/\/www.linkedin.com\/company\/mali-health&#8221; _builder_version=&#8221;4.23.2&#8243; _module_preset=&#8221;default&#8221; background_color=&#8221;RGBA(255,255,255,0)&#8221; background_enable_color=&#8221;on&#8221; global_colors_info=&#8221;{}&#8221; follow_button=&#8221;off&#8221; url_new_window=&#8221;on&#8221;]linkedin[\/et_pb_social_media_follow_network][\/et_pb_social_media_follow][et_pb_text _builder_version=&#8221;4.23.2&#8243; _module_preset=&#8221;9783e755-4179-4501-99ba-93aa95e31bf9&#8243; text_text_color=&#8221;#FFFFFF&#8221; link_text_color=&#8221;#FFFFFF&#8221; text_orientation=&#8221;center&#8221; global_colors_info=&#8221;{%22gcid-606d042f-c90f-4ea6-97e7-7b08f1ba25f6%22:%91%22text_text_color%22%93}&#8221;]<\/p>\n<p>info@malihealth.org<\/p>\n<p>[\/et_pb_text][\/et_pb_column][\/et_pb_row][et_pb_row _builder_version=&#8221;4.23.2&#8243; _module_preset=&#8221;default&#8221; global_colors_info=&#8221;{}&#8221;][et_pb_column type=&#8221;4_4&#8243; _builder_version=&#8221;4.23.2&#8243; _module_preset=&#8221;default&#8221; global_colors_info=&#8221;{}&#8221;][et_pb_image src=&#8221;https:\/\/malihealth.org\/wp-content\/uploads\/2019\/03\/line.png&#8221; title_text=&#8221;ligne&#8221; align=&#8221;center&#8221; _builder_version=&#8221;4.23.2&#8243; _module_preset=&#8221;default&#8221; custom_padding=&#8221;10px||10px||true|false&#8221; global_colors_info=&#8221;{}&#8221;][\/et_pb_image][\/et_pb_column][\/et_pb_row][\/et_pb_section]<\/p>\n","protected":false},"excerpt":{"rendered":"<p>Dugubaw daf\u025b law la MALI KUNAFONIMusow Demis\u025bniw Dugubaw daf\u025b law la Sigidala k\u025bn\u025bya baaraw\n<div role=\"navigation\" aria-label=\"Language Switcher\" class=\"wpml-ls-statics-shortcode_actions wpml-ls wpml-ls-legacy-list-horizontal\">\n\t<ul><li class=\"wpml-ls-slot-shortcode_actions wpml-ls-item wpml-ls-item-en wpml-ls-first-item wpml-ls-item-legacy-list-horizontal\">\n\t\t\t\t<a href=\"https:\/\/malihealth.org\/\" hreflang=\"en\" lang=\"en\" class=\"wpml-ls-link\" aria-label=\"Switch to English\" title=\"Switch to English\">\n\t\t\t\t\t<span class=\"wpml-ls-native\">English<\/span><\/a>\n\t\t\t<\/li><li class=\"wpml-ls-slot-shortcode_actions wpml-ls-item wpml-ls-item-fr wpml-ls-item-legacy-list-horizontal\">\n\t\t\t\t<a href=\"https:\/\/malihealth.org\/fr\/\" hreflang=\"fr\" lang=\"fr\" class=\"wpml-ls-link\" aria-label=\"Switch to Fran\u00e7ais\" title=\"Switch to Fran\u00e7ais\">\n\t\t\t\t\t<span class=\"wpml-ls-native\">Fran\u00e7ais<\/span><\/a>\n\t\t\t<\/li><li class=\"wpml-ls-slot-shortcode_actions wpml-ls-item wpml-ls-item-ba wpml-ls-current-language wpml-ls-last-item wpml-ls-item-legacy-list-horizontal\">\n\t\t\t\t<a href=\"https:\/\/malihealth.org\/ba\/\" hreflang=\"ba\" lang=\"ba\" class=\"wpml-ls-link\" aria-current=\"page\" aria-label=\"Switch to Bamanankan\" title=\"Switch to Bamanankan\">\n\t\t\t\t\t<span class=\"wpml-ls-native\">Bamanankan<\/span><\/a>\n\t\t\t<\/li><\/ul>\n<\/div>\nIna fo dunya y\u0254r\u0254 t\u0254w Mali f\u025bn\u025b dugubaw b\u025b ka cayaBamako boyan li teliyala wa dama k\u025by\u025b ma k\u025b a kola.Nabaa kuraw caman ba sigi sonsorobuguw k\u0254n\u0254. Kuran, ji ani k\u025bn\u025bya sow s\u0254r\u0254 li ka g\u025bl\u025bn o y\u0254r\u0254 nunu na kos\u025bb\u025b. Mali [&hellip;]<\/p>\n","protected":false},"author":5,"featured_media":0,"parent":0,"menu_order":0,"comment_status":"closed","ping_status":"closed","template":"","meta":{"_et_pb_use_builder":"on","_et_pb_old_content":"","_et_gb_content_width":"","footnotes":""},"class_list":["post-4835","page","type-page","status-publish","hentry"],"_links":{"self":[{"href":"https:\/\/malihealth.org\/ba\/wp-json\/wp\/v2\/pages\/4835","targetHints":{"allow":["GET"]}}],"collection":[{"href":"https:\/\/malihealth.org\/ba\/wp-json\/wp\/v2\/pages"}],"about":[{"href":"https:\/\/malihealth.org\/ba\/wp-json\/wp\/v2\/types\/page"}],"author":[{"embeddable":true,"href":"https:\/\/malihealth.org\/ba\/wp-json\/wp\/v2\/users\/5"}],"replies":[{"embeddable":true,"href":"https:\/\/malihealth.org\/ba\/wp-json\/wp\/v2\/comments?post=4835"}],"version-history":[{"count":8,"href":"https:\/\/malihealth.org\/ba\/wp-json\/wp\/v2\/pages\/4835\/revisions"}],"predecessor-version":[{"id":4855,"href":"https:\/\/malihealth.org\/ba\/wp-json\/wp\/v2\/pages\/4835\/revisions\/4855"}],"wp:attachment":[{"href":"https:\/\/malihealth.org\/ba\/wp-json\/wp\/v2\/media?parent=4835"}],"curies":[{"name":"wp","href":"https:\/\/api.w.org\/{rel}","templated":true}]}}