{"id":4865,"date":"2019-08-21T02:34:41","date_gmt":"2019-08-21T02:34:41","guid":{"rendered":"https:\/\/malihealth.org\/qui-sommes-nous\/"},"modified":"2025-04-09T00:21:56","modified_gmt":"2025-04-09T00:21:56","slug":"qui-sommes-nous","status":"publish","type":"page","link":"https:\/\/malihealth.org\/fr\/qui-sommes-nous\/","title":{"rendered":"Qui sommes-nous"},"content":{"rendered":"<p>[et_pb_section fb_built=\u00a0\u00bb1&Prime; _builder_version=\u00a0\u00bb4.16&Prime; global_colors_info=\u00a0\u00bb{}\u00a0\u00bb][et_pb_row _builder_version=\u00a0\u00bb4.16&Prime; custom_padding=\u00a0\u00bb31px|||||\u00a0\u00bb global_colors_info=\u00a0\u00bb{}\u00a0\u00bb][et_pb_column type=\u00a0\u00bb4_4&Prime; _builder_version=\u00a0\u00bb4.16&Prime; global_colors_info=\u00a0\u00bb{}\u00a0\u00bb][et_pb_code _builder_version=\u00a0\u00bb4.27.4&Prime; _module_preset=\u00a0\u00bbdefault\u00a0\u00bb text_orientation=\u00a0\u00bbright\u00a0\u00bb hover_enabled=\u00a0\u00bb0&Prime; sticky_enabled=\u00a0\u00bb0&Prime;]\n<div role=\"navigation\" aria-label=\"S\u00e9lecteur de langue\" class=\"wpml-ls-statics-shortcode_actions wpml-ls wpml-ls-legacy-list-horizontal\">\n\t<ul><li class=\"wpml-ls-slot-shortcode_actions wpml-ls-item wpml-ls-item-en wpml-ls-first-item wpml-ls-item-legacy-list-horizontal\">\n\t\t\t\t<a href=\"https:\/\/malihealth.org\/\" hreflang=\"en\" lang=\"en\" class=\"wpml-ls-link\" aria-label=\"Passer \u00e0 English\" title=\"Passer \u00e0 English\">\n\t\t\t\t\t<span class=\"wpml-ls-native\">English<\/span><\/a>\n\t\t\t<\/li><li class=\"wpml-ls-slot-shortcode_actions wpml-ls-item wpml-ls-item-fr wpml-ls-current-language wpml-ls-item-legacy-list-horizontal\">\n\t\t\t\t<a href=\"https:\/\/malihealth.org\/fr\/\" hreflang=\"fr\" lang=\"fr\" class=\"wpml-ls-link\" aria-current=\"page\" aria-label=\"Passer \u00e0 Fran\u00e7ais\" title=\"Passer \u00e0 Fran\u00e7ais\">\n\t\t\t\t\t<span class=\"wpml-ls-native\">Fran\u00e7ais<\/span><\/a>\n\t\t\t<\/li><li class=\"wpml-ls-slot-shortcode_actions wpml-ls-item wpml-ls-item-ba wpml-ls-last-item wpml-ls-item-legacy-list-horizontal\">\n\t\t\t\t<a href=\"https:\/\/malihealth.org\/ba\/\" hreflang=\"ba\" lang=\"ba\" class=\"wpml-ls-link\" aria-label=\"Passer \u00e0 Bamanankan\" title=\"Passer \u00e0 Bamanankan\">\n\t\t\t\t\t<span class=\"wpml-ls-native\">Bamanankan<\/span><\/a>\n\t\t\t<\/li><\/ul>\n<\/div>\n[\/et_pb_code][et_pb_text _builder_version=\u00a0\u00bb4.17.4&Prime; text_font=\u00a0\u00bbSue Ellen Francisco||||||||\u00a0\u00bb text_font_size=\u00a0\u00bb40px\u00a0\u00bb custom_margin=\u00a0\u00bb|||\u00a0\u00bb custom_padding=\u00a0\u00bb30px||15px|\u00a0\u00bb global_colors_info=\u00a0\u00bb{}\u00a0\u00bb]<\/p>\n<p style=\"text-align: center;\"><img loading=\"lazy\" decoding=\"async\" src=\"https:\/\/malihealth.org\/wp-content\/uploads\/2019\/03\/arrow_right.png\" width=\"28\" height=\"41\" alt=\"\" class=\"wp-image-627 alignnone size-full\">  QUI SOMMES-NOUS  <img loading=\"lazy\" decoding=\"async\" src=\"https:\/\/malihealth.org\/wp-content\/uploads\/2019\/03\/arrow_left.png\" width=\"28\" height=\"41\" alt=\"\" class=\"wp-image-626 alignnone size-full\"><\/p>\n<p>[\/et_pb_text][\/et_pb_column][\/et_pb_row][et_pb_row _builder_version=\u00a0\u00bb4.16&Prime; global_colors_info=\u00a0\u00bb{}\u00a0\u00bb][et_pb_column type=\u00a0\u00bb4_4&Prime; _builder_version=\u00a0\u00bb4.16&Prime; global_colors_info=\u00a0\u00bb{}\u00a0\u00bb][et_pb_text _builder_version=\u00a0\u00bb4.16&Prime; text_font_size=\u00a0\u00bb16px\u00a0\u00bb global_colors_info=\u00a0\u00bb{}\u00a0\u00bb]<\/p>\n<p style=\"text-align: center;\">Depuis 2006, notre Projet d\u2019organisation Mali Health est aux c\u00f4t\u00e9s des communaut\u00e9s marginalis\u00e9es qui cherchent \u00e0 am\u00e9liorer leur sant\u00e9.<\/p>\n<p style=\"text-align: center;\">Nous travaillons dans les communaut\u00e9s p\u00e9riurbaines tout autour de Bamako, o\u00f9 se trouvent nos bureaux et notre \u00e9quipe.<\/p>\n<p style=\"text-align: center;\">En tant qu\u2019organisation am\u00e9ricaine 501(c)(3), notre conseil d\u2019administration est situ\u00e9 aux \u00c9tats-Unis.<\/p>\n<p>[\/et_pb_text][et_pb_text _builder_version=\u00a0\u00bb4.17.4&Prime; text_font=\u00a0\u00bbSue Ellen Francisco||||||||\u00a0\u00bb text_text_color=\u00a0\u00bb#a1412b\u00a0\u00bb text_font_size=\u00a0\u00bb39px\u00a0\u00bb text_line_height=\u00a0\u00bb1.8em\u00a0\u00bb max_width=\u00a0\u00bb100%\u00a0\u00bb custom_margin=\u00a0\u00bb|-219px||||\u00a0\u00bb custom_padding=\u00a0\u00bb||2px|||\u00a0\u00bb global_colors_info=\u00a0\u00bb{}\u00a0\u00bb]<\/p>\n<p class=\"p1\"><img loading=\"lazy\" decoding=\"async\" src=\"https:\/\/malihealth.biz\/wp-content\/uploads\/2019\/05\/dots.png\" alt=\"\" class=\"wp-image-725 alignnone size-full\" style=\"display: block; margin-left: auto; margin-right: auto;\" width=\"1007\" height=\"7\" srcset=\"https:\/\/malihealth.org\/wp-content\/uploads\/2019\/05\/dots.png 740w, https:\/\/malihealth.org\/wp-content\/uploads\/2019\/05\/dots-600x4.png 600w, https:\/\/malihealth.org\/wp-content\/uploads\/2019\/05\/dots-300x2.png 300w, https:\/\/malihealth.org\/wp-content\/uploads\/2019\/05\/dots-510x5.png 510w\" sizes=\"(max-width: 1007px) 100vw, 1007px\" \/><\/p>\n<p>[\/et_pb_text][\/et_pb_column][\/et_pb_row][et_pb_row column_structure=\u00a0\u00bb1_2,1_2&Prime; use_custom_gutter=\u00a0\u00bbon\u00a0\u00bb gutter_width=\u00a0\u00bb2&Prime; make_equal=\u00a0\u00bbon\u00a0\u00bb _builder_version=\u00a0\u00bb4.16&Prime; width=\u00a0\u00bb100%\u00a0\u00bb custom_padding=\u00a0\u00bb50px||50px||false|false\u00a0\u00bb global_colors_info=\u00a0\u00bb{}\u00a0\u00bb][et_pb_column type=\u00a0\u00bb1_2&Prime; _builder_version=\u00a0\u00bb4.16&Prime; global_colors_info=\u00a0\u00bb{}\u00a0\u00bb][et_pb_text _builder_version=\u00a0\u00bb4.16&Prime; link_option_url=\u00a0\u00bbhttps:\/\/malihealth.org\/our-team\/\u00a0\u00bb global_colors_info=\u00a0\u00bb{}\u00a0\u00bb]<\/p>\n<h1 style=\"text-align: center;\"><span style=\"color: #a33902; font-size: xx-large;\">NOTRE \u00c9QUIPE<br \/> <\/span><\/h1>\n<p>[\/et_pb_text][et_pb_image src=\u00a0\u00bbhttps:\/\/malihealth.biz\/wp-content\/uploads\/2019\/08\/IMG_4321_crop.jpg\u00a0\u00bb url=\u00a0\u00bbhttps:\/\/malihealth.org\/our-team\/\u00a0\u00bb url_new_window=\u00a0\u00bbon\u00a0\u00bb show_bottom_space=\u00a0\u00bboff\u00a0\u00bb force_fullwidth=\u00a0\u00bbon\u00a0\u00bb _builder_version=\u00a0\u00bb4.16&Prime; height=\u00a0\u00bb350px\u00a0\u00bb custom_margin=\u00a0\u00bb||0px||false|false\u00a0\u00bb global_colors_info=\u00a0\u00bb{}\u00a0\u00bb][\/et_pb_image][et_pb_text _builder_version=\u00a0\u00bb4.16&Prime; text_font=\u00a0\u00bb||||||||\u00a0\u00bb text_text_color=\u00a0\u00bb#a1412b\u00a0\u00bb custom_padding=\u00a0\u00bb10px||10px||false|false\u00a0\u00bb global_colors_info=\u00a0\u00bb{}\u00a0\u00bb]<\/p>\n<p class=\"p1\"><img loading=\"lazy\" decoding=\"async\" src=\"https:\/\/malihealth.biz\/wp-content\/uploads\/2019\/05\/dots.png\" alt=\"\" class=\"wp-image-725 alignnone size-full\" width=\"740\" height=\"5\" srcset=\"https:\/\/malihealth.org\/wp-content\/uploads\/2019\/05\/dots.png 740w, https:\/\/malihealth.org\/wp-content\/uploads\/2019\/05\/dots-600x4.png 600w, https:\/\/malihealth.org\/wp-content\/uploads\/2019\/05\/dots-300x2.png 300w\" sizes=\"(max-width: 740px) 100vw, 740px\" \/><\/p>\n<p>[\/et_pb_text][\/et_pb_column][et_pb_column type=\u00a0\u00bb1_2&Prime; _builder_version=\u00a0\u00bb4.16&Prime; global_colors_info=\u00a0\u00bb{}\u00a0\u00bb][et_pb_text _builder_version=\u00a0\u00bb4.16&Prime; link_option_url=\u00a0\u00bbhttps:\/\/malihealth.org\/our-story\/\u00a0\u00bb global_colors_info=\u00a0\u00bb{}\u00a0\u00bb]<\/p>\n<h1 style=\"text-align: center;\"><span style=\"color: #a33902;\">NOTRE HISTOIRE<\/span><\/h1>\n<p>[\/et_pb_text][et_pb_image src=\u00a0\u00bbhttps:\/\/malihealth.biz\/wp-content\/uploads\/2019\/08\/our-story.jpg\u00a0\u00bb url=\u00a0\u00bbhttps:\/\/malihealth.org\/our-story\/\u00a0\u00bb show_bottom_space=\u00a0\u00bboff\u00a0\u00bb _builder_version=\u00a0\u00bb4.16&Prime; global_colors_info=\u00a0\u00bb{}\u00a0\u00bb][\/et_pb_image][et_pb_text _builder_version=\u00a0\u00bb4.16&Prime; text_font=\u00a0\u00bb||||||||\u00a0\u00bb text_text_color=\u00a0\u00bb#a1412b\u00a0\u00bb custom_padding=\u00a0\u00bb10px||10px||false|false\u00a0\u00bb global_colors_info=\u00a0\u00bb{}\u00a0\u00bb]<\/p>\n<p class=\"p1\"><img loading=\"lazy\" decoding=\"async\" src=\"https:\/\/malihealth.biz\/wp-content\/uploads\/2019\/05\/dots.png\" alt=\"\" class=\"wp-image-725 alignnone size-full\" width=\"740\" height=\"5\" srcset=\"https:\/\/malihealth.org\/wp-content\/uploads\/2019\/05\/dots.png 740w, https:\/\/malihealth.org\/wp-content\/uploads\/2019\/05\/dots-600x4.png 600w, https:\/\/malihealth.org\/wp-content\/uploads\/2019\/05\/dots-300x2.png 300w\" sizes=\"(max-width: 740px) 100vw, 740px\" \/><\/p>\n<p>[\/et_pb_text][\/et_pb_column][\/et_pb_row][et_pb_row column_structure=\u00a0\u00bb1_2,1_2&Prime; use_custom_gutter=\u00a0\u00bbon\u00a0\u00bb gutter_width=\u00a0\u00bb2&Prime; make_equal=\u00a0\u00bbon\u00a0\u00bb _builder_version=\u00a0\u00bb4.16&Prime; width=\u00a0\u00bb100%\u00a0\u00bb custom_padding=\u00a0\u00bb27px||50px||false|false\u00a0\u00bb global_colors_info=\u00a0\u00bb{}\u00a0\u00bb][et_pb_column type=\u00a0\u00bb1_2&Prime; _builder_version=\u00a0\u00bb4.16&Prime; global_colors_info=\u00a0\u00bb{}\u00a0\u00bb][et_pb_text _builder_version=\u00a0\u00bb4.16&Prime; link_option_url=\u00a0\u00bbhttps:\/\/malihealth.org\/where-we-work\/\u00a0\u00bb global_colors_info=\u00a0\u00bb{}\u00a0\u00bb]<\/p>\n<h1 style=\"text-align: center;\"><span style=\"color: #a33902; font-size: xx-large;\">O\u00d9 NOUS TRAVAILLONS<br \/> <\/span><\/h1>\n<p>[\/et_pb_text][et_pb_image src=\u00a0\u00bbhttps:\/\/malihealth.biz\/wp-content\/uploads\/2019\/08\/where-we-work.jpg\u00a0\u00bb url=\u00a0\u00bbhttps:\/\/malihealth.org\/where-we-work\/\u00a0\u00bb url_new_window=\u00a0\u00bbon\u00a0\u00bb show_bottom_space=\u00a0\u00bboff\u00a0\u00bb force_fullwidth=\u00a0\u00bbon\u00a0\u00bb _builder_version=\u00a0\u00bb4.16&Prime; height=\u00a0\u00bb350px\u00a0\u00bb custom_margin=\u00a0\u00bb||0px||false|false\u00a0\u00bb global_colors_info=\u00a0\u00bb{}\u00a0\u00bb][\/et_pb_image][et_pb_text _builder_version=\u00a0\u00bb4.16&Prime; text_font=\u00a0\u00bb||||||||\u00a0\u00bb text_text_color=\u00a0\u00bb#a1412b\u00a0\u00bb custom_padding=\u00a0\u00bb10px||10px||false|false\u00a0\u00bb global_colors_info=\u00a0\u00bb{}\u00a0\u00bb]<\/p>\n<p class=\"p1\"><img loading=\"lazy\" decoding=\"async\" src=\"https:\/\/malihealth.biz\/wp-content\/uploads\/2019\/05\/dots.png\" alt=\"\" class=\"wp-image-725 alignnone size-full\" width=\"740\" height=\"5\" srcset=\"https:\/\/malihealth.org\/wp-content\/uploads\/2019\/05\/dots.png 740w, https:\/\/malihealth.org\/wp-content\/uploads\/2019\/05\/dots-600x4.png 600w, https:\/\/malihealth.org\/wp-content\/uploads\/2019\/05\/dots-300x2.png 300w\" sizes=\"(max-width: 740px) 100vw, 740px\" \/><\/p>\n<p>[\/et_pb_text][\/et_pb_column][et_pb_column type=\u00a0\u00bb1_2&Prime; _builder_version=\u00a0\u00bb4.16&Prime; global_colors_info=\u00a0\u00bb{}\u00a0\u00bb][et_pb_text _builder_version=\u00a0\u00bb4.16&Prime; link_option_url=\u00a0\u00bbhttps:\/\/malihealth.org\/reports-and-financials\/\u00a0\u00bb global_colors_info=\u00a0\u00bb{}\u00a0\u00bb]<\/p>\n<h1 style=\"text-align: center;\"><span style=\"color: #a33902;\">RAPPORTS ET \u00c9TATS FINANCIERS<br \/> <\/span><\/h1>\n<p>[\/et_pb_text][et_pb_image src=\u00a0\u00bbhttps:\/\/malihealth.biz\/wp-content\/uploads\/2019\/08\/reports.jpg\u00a0\u00bb url=\u00a0\u00bbhttps:\/\/malihealth.org\/reports-and-financials\/\u00a0\u00bb show_bottom_space=\u00a0\u00bboff\u00a0\u00bb _builder_version=\u00a0\u00bb4.16&Prime; global_colors_info=\u00a0\u00bb{}\u00a0\u00bb][\/et_pb_image][et_pb_text _builder_version=\u00a0\u00bb4.16&Prime; text_font=\u00a0\u00bb||||||||\u00a0\u00bb text_text_color=\u00a0\u00bb#a1412b\u00a0\u00bb custom_padding=\u00a0\u00bb10px||10px||false|false\u00a0\u00bb global_colors_info=\u00a0\u00bb{}\u00a0\u00bb]<\/p>\n<p class=\"p1\"><img loading=\"lazy\" decoding=\"async\" src=\"https:\/\/malihealth.biz\/wp-content\/uploads\/2019\/05\/dots.png\" alt=\"\" class=\"wp-image-725 alignnone size-full\" width=\"740\" height=\"5\" srcset=\"https:\/\/malihealth.org\/wp-content\/uploads\/2019\/05\/dots.png 740w, https:\/\/malihealth.org\/wp-content\/uploads\/2019\/05\/dots-600x4.png 600w, https:\/\/malihealth.org\/wp-content\/uploads\/2019\/05\/dots-300x2.png 300w\" sizes=\"(max-width: 740px) 100vw, 740px\" \/><\/p>\n<p>[\/et_pb_text][\/et_pb_column][\/et_pb_row][et_pb_row _builder_version=\u00a0\u00bb4.16&Prime; global_colors_info=\u00a0\u00bb{}\u00a0\u00bb][et_pb_column type=\u00a0\u00bb4_4&Prime; _builder_version=\u00a0\u00bb4.16&Prime; global_colors_info=\u00a0\u00bb{}\u00a0\u00bb][et_pb_image src=\u00a0\u00bbhttps:\/\/malihealth.biz\/wp-content\/uploads\/2019\/03\/line-with-dots-bottom.png\u00a0\u00bb align_tablet=\u00a0\u00bbcenter\u00a0\u00bb align_phone=\u00a0\u00bb\u00a0\u00bb align_last_edited=\u00a0\u00bbon|desktop\u00a0\u00bb _builder_version=\u00a0\u00bb4.16&Prime; global_colors_info=\u00a0\u00bb{}\u00a0\u00bb][\/et_pb_image][\/et_pb_column][\/et_pb_row][\/et_pb_section]<\/p>\n","protected":false},"excerpt":{"rendered":"<p>\n<div role=\"navigation\" aria-label=\"S\u00e9lecteur de langue\" class=\"wpml-ls-statics-shortcode_actions wpml-ls wpml-ls-legacy-list-horizontal\">\n\t<ul><li class=\"wpml-ls-slot-shortcode_actions wpml-ls-item wpml-ls-item-en wpml-ls-first-item wpml-ls-item-legacy-list-horizontal\">\n\t\t\t\t<a href=\"https:\/\/malihealth.org\/\" hreflang=\"en\" lang=\"en\" class=\"wpml-ls-link\" aria-label=\"Passer \u00e0 English\" title=\"Passer \u00e0 English\">\n\t\t\t\t\t<span class=\"wpml-ls-native\">English<\/span><\/a>\n\t\t\t<\/li><li class=\"wpml-ls-slot-shortcode_actions wpml-ls-item wpml-ls-item-fr wpml-ls-current-language wpml-ls-item-legacy-list-horizontal\">\n\t\t\t\t<a href=\"https:\/\/malihealth.org\/fr\/\" hreflang=\"fr\" lang=\"fr\" class=\"wpml-ls-link\" aria-current=\"page\" aria-label=\"Passer \u00e0 Fran\u00e7ais\" title=\"Passer \u00e0 Fran\u00e7ais\">\n\t\t\t\t\t<span class=\"wpml-ls-native\">Fran\u00e7ais<\/span><\/a>\n\t\t\t<\/li><li class=\"wpml-ls-slot-shortcode_actions wpml-ls-item wpml-ls-item-ba wpml-ls-last-item wpml-ls-item-legacy-list-horizontal\">\n\t\t\t\t<a href=\"https:\/\/malihealth.org\/ba\/\" hreflang=\"ba\" lang=\"ba\" class=\"wpml-ls-link\" aria-label=\"Passer \u00e0 Bamanankan\" title=\"Passer \u00e0 Bamanankan\">\n\t\t\t\t\t<span class=\"wpml-ls-native\">Bamanankan<\/span><\/a>\n\t\t\t<\/li><\/ul>\n<\/div>\n QUI SOMMES-NOUS Depuis 2006, notre Projet d\u2019organisation Mali Health est aux c\u00f4t\u00e9s des communaut\u00e9s marginalis\u00e9es qui cherchent \u00e0 am\u00e9liorer leur sant\u00e9. Nous travaillons dans les communaut\u00e9s p\u00e9riurbaines tout autour de Bamako, o\u00f9 se trouvent nos bureaux et notre \u00e9quipe. En tant qu\u2019organisation am\u00e9ricaine 501(c)(3), notre conseil d\u2019administration est situ\u00e9 aux \u00c9tats-Unis.NOTRE \u00c9QUIPE NOTRE HISTOIREO\u00d9 [&hellip;]<\/p>\n","protected":false},"author":10,"featured_media":0,"parent":0,"menu_order":0,"comment_status":"closed","ping_status":"closed","template":"","meta":{"_et_pb_use_builder":"on","_et_pb_old_content":"","_et_gb_content_width":"","footnotes":""},"class_list":["post-4865","page","type-page","status-publish","hentry"],"_links":{"self":[{"href":"https:\/\/malihealth.org\/fr\/wp-json\/wp\/v2\/pages\/4865","targetHints":{"allow":["GET"]}}],"collection":[{"href":"https:\/\/malihealth.org\/fr\/wp-json\/wp\/v2\/pages"}],"about":[{"href":"https:\/\/malihealth.org\/fr\/wp-json\/wp\/v2\/types\/page"}],"author":[{"embeddable":true,"href":"https:\/\/malihealth.org\/fr\/wp-json\/wp\/v2\/users\/10"}],"replies":[{"embeddable":true,"href":"https:\/\/malihealth.org\/fr\/wp-json\/wp\/v2\/comments?post=4865"}],"version-history":[{"count":6,"href":"https:\/\/malihealth.org\/fr\/wp-json\/wp\/v2\/pages\/4865\/revisions"}],"predecessor-version":[{"id":4874,"href":"https:\/\/malihealth.org\/fr\/wp-json\/wp\/v2\/pages\/4865\/revisions\/4874"}],"wp:attachment":[{"href":"https:\/\/malihealth.org\/fr\/wp-json\/wp\/v2\/media?parent=4865"}],"curies":[{"name":"wp","href":"https:\/\/api.w.org\/{rel}","templated":true}]}}