{"id":4930,"date":"2018-04-27T15:06:27","date_gmt":"2018-04-27T15:06:27","guid":{"rendered":"https:\/\/malihealth.org\/rapports-et-finances\/"},"modified":"2025-05-04T11:50:33","modified_gmt":"2025-05-04T11:50:33","slug":"rapports-et-finances","status":"publish","type":"page","link":"https:\/\/malihealth.org\/fr\/rapports-et-finances\/","title":{"rendered":"Rapports et finances"},"content":{"rendered":"<p>[et_pb_section fb_built=\u00a0\u00bb1&Prime; fullwidth=\u00a0\u00bbon\u00a0\u00bb _builder_version=\u00a0\u00bb4.16&Prime; custom_margin=\u00a0\u00bb||-72px|||\u00a0\u00bb global_colors_info=\u00a0\u00bb{}\u00a0\u00bb][et_pb_fullwidth_header _builder_version=\u00a0\u00bb4.16&Prime; content_font=\u00a0\u00bbSue Ellen Francisco||||||||\u00a0\u00bb content_text_color=\u00a0\u00bb#212547&Prime; content_font_size=\u00a0\u00bb50px\u00a0\u00bb content_line_height=\u00a0\u00bb1.2em\u00a0\u00bb background_enable_color=\u00a0\u00bboff\u00a0\u00bb background_image=\u00a0\u00bbhttps:\/\/malihealth.org\/wp-content\/uploads\/2019\/08\/reports-financials-hero.jpg\u00a0\u00bb height=\u00a0\u00bb319px\u00a0\u00bb custom_padding=\u00a0\u00bb100px||||false|false\u00a0\u00bb global_colors_info=\u00a0\u00bb{}\u00a0\u00bb]<\/p>\n<p><img loading=\"lazy\" decoding=\"async\" src=\"https:\/\/malihealth.org\/wp-content\/uploads\/2019\/03\/arrow_right.png\" alt=\"\" class=\"wp-image-627 alignnone size-full\" width=\"28\" height=\"41\">  RAPPORTS ET<br \/> \u00c9TATS FINANCIERS  <img loading=\"lazy\" decoding=\"async\" src=\"https:\/\/malihealth.org\/wp-content\/uploads\/2019\/03\/arrow_left.png\" alt=\"\" class=\"wp-image-626 alignnone size-full\" width=\"28\" height=\"41\"><\/p>\n<p>[\/et_pb_fullwidth_header][\/et_pb_section][et_pb_section fb_built=\u00a0\u00bb1&Prime; _builder_version=\u00a0\u00bb4.16&Prime; custom_margin=\u00a0\u00bb70px|||||\u00a0\u00bb custom_padding=\u00a0\u00bb7px||2px|||\u00a0\u00bb global_colors_info=\u00a0\u00bb{}\u00a0\u00bb][et_pb_row column_structure=\u00a0\u00bb1_4,3_4&Prime; admin_label=\u00a0\u00bbrang\u00e9e\u00a0\u00bb module_class=\u00a0\u00bb et_pb_row_fullwidth\u00a0\u00bb _builder_version=\u00a0\u00bb4.16&Prime; background_size=\u00a0\u00bbinitial\u00a0\u00bb background_position=\u00a0\u00bbtop_left\u00a0\u00bb background_repeat=\u00a0\u00bbrepeat\u00a0\u00bb width=\u00a0\u00bb89%\u00a0\u00bb width_tablet=\u00a0\u00bb80%\u00a0\u00bb width_phone=\u00a0\u00bb\u00a0\u00bb width_last_edited=\u00a0\u00bbon|desktop\u00a0\u00bb max_width=\u00a0\u00bb89%\u00a0\u00bb max_width_tablet=\u00a0\u00bb80%\u00a0\u00bb max_width_phone=\u00a0\u00bb\u00a0\u00bb max_width_last_edited=\u00a0\u00bbon|desktop\u00a0\u00bb custom_padding=\u00a0\u00bb27px|0px|27px|0|false|false\u00a0\u00bb make_fullwidth=\u00a0\u00bbon\u00a0\u00bb global_colors_info=\u00a0\u00bb{}\u00a0\u00bb][et_pb_column type=\u00a0\u00bb1_4&Prime; _builder_version=\u00a0\u00bb4.16&Prime; custom_padding=\u00a0\u00bb|||\u00a0\u00bb global_colors_info=\u00a0\u00bb{}\u00a0\u00bb custom_padding__hover=\u00a0\u00bb|||\u00a0\u00bb][et_pb_text _builder_version=\u00a0\u00bb4.16&Prime; text_font=\u00a0\u00bb||||||||\u00a0\u00bb text_font_size=\u00a0\u00bb22px\u00a0\u00bb global_colors_info=\u00a0\u00bb{}\u00a0\u00bb]<\/p>\n<p><strong>QUI SOMMES-NOUS<\/strong><\/p>\n<p>[\/et_pb_text][et_pb_text module_id=\u00a0\u00bbside-menu\u00a0\u00bb _builder_version=\u00a0\u00bb4.16&Prime; text_font=\u00a0\u00bb||||||||\u00a0\u00bb text_font_size=\u00a0\u00bb16px\u00a0\u00bb global_colors_info=\u00a0\u00bb{}\u00a0\u00bb]<\/p>\n<p><a href=\"https:\/\/malihealth.org\/fr\/notre-equipe\/\"><span style=\"color: #000000\">Notre \u00e9quipe<\/span><\/a><\/p>\n<p><a href=\"https:\/\/malihealth.org\/fr\/notre-histoire\/\"><span style=\"color: #000000\">Notre histoire<\/span><\/a><\/p>\n<p><a href=\"https:\/\/malihealth.org\/fr\/ou-nous-travaillons\/\"><span style=\"color: #000000\">O\u00f9 nous travaillons<\/span><\/a><\/p>\n<p><span style=\"color: #000000\"><img loading=\"lazy\" decoding=\"async\" src=\"https:\/\/malihealth.org\/wp-content\/uploads\/2019\/05\/Group-3.png\" alt=\"\" class=\"wp-image-798 alignnone size-full\" width=\"12\" height=\"22\"> <span style=\"color: #a1412b\"><strong>Rapports et finances<\/strong><\/span> <img loading=\"lazy\" decoding=\"async\" src=\"https:\/\/malihealth.org\/wp-content\/uploads\/2019\/05\/Group-3-Copy.png\" alt=\"\" class=\"wp-image-799 alignnone size-full\" width=\"12\" height=\"22\"><\/span><\/p>\n<p>[\/et_pb_text][\/et_pb_column][et_pb_column type=\u00a0\u00bb3_4&Prime; _builder_version=\u00a0\u00bb4.16&Prime; custom_padding=\u00a0\u00bb|||\u00a0\u00bb global_colors_info=\u00a0\u00bb{}\u00a0\u00bb custom_padding__hover=\u00a0\u00bb|||\u00a0\u00bb][et_pb_code _builder_version=\u00a0\u00bb4.27.4&Prime; _module_preset=\u00a0\u00bbdefault\u00a0\u00bb text_orientation=\u00a0\u00bbright\u00a0\u00bb hover_enabled=\u00a0\u00bb0&Prime; sticky_enabled=\u00a0\u00bb0&Prime;]\n<div role=\"navigation\" aria-label=\"S\u00e9lecteur de langue\" class=\"wpml-ls-statics-shortcode_actions wpml-ls wpml-ls-legacy-list-horizontal\">\n\t<ul><li class=\"wpml-ls-slot-shortcode_actions wpml-ls-item wpml-ls-item-en wpml-ls-first-item wpml-ls-item-legacy-list-horizontal\">\n\t\t\t\t<a href=\"https:\/\/malihealth.org\/\" hreflang=\"en\" lang=\"en\" class=\"wpml-ls-link\" aria-label=\"Passer \u00e0 English\" title=\"Passer \u00e0 English\">\n\t\t\t\t\t<span class=\"wpml-ls-native\">English<\/span><\/a>\n\t\t\t<\/li><li class=\"wpml-ls-slot-shortcode_actions wpml-ls-item wpml-ls-item-fr wpml-ls-current-language wpml-ls-item-legacy-list-horizontal\">\n\t\t\t\t<a href=\"https:\/\/malihealth.org\/fr\/\" hreflang=\"fr\" lang=\"fr\" class=\"wpml-ls-link\" aria-current=\"page\" aria-label=\"Passer \u00e0 Fran\u00e7ais\" title=\"Passer \u00e0 Fran\u00e7ais\">\n\t\t\t\t\t<span class=\"wpml-ls-native\">Fran\u00e7ais<\/span><\/a>\n\t\t\t<\/li><li class=\"wpml-ls-slot-shortcode_actions wpml-ls-item wpml-ls-item-ba wpml-ls-last-item wpml-ls-item-legacy-list-horizontal\">\n\t\t\t\t<a href=\"https:\/\/malihealth.org\/ba\/\" hreflang=\"ba\" lang=\"ba\" class=\"wpml-ls-link\" aria-label=\"Passer \u00e0 Bamanankan\" title=\"Passer \u00e0 Bamanankan\">\n\t\t\t\t\t<span class=\"wpml-ls-native\">Bamanankan<\/span><\/a>\n\t\t\t<\/li><\/ul>\n<\/div>\n[\/et_pb_code][et_pb_text _builder_version=\u00a0\u00bb4.23.1&Prime; text_font=\u00a0\u00bbSue Ellen Francisco||||||||\u00a0\u00bb text_text_color=\u00a0\u00bb#a1412b\u00a0\u00bb text_font_size=\u00a0\u00bb39px\u00a0\u00bb text_line_height=\u00a0\u00bb1.8em\u00a0\u00bb max_width=\u00a0\u00bb80%\u00a0\u00bb global_colors_info=\u00a0\u00bb{}\u00a0\u00bb]<\/p>\n<p class=\"p1\">Mali Health s\u2019engage en faveur de la transparence, de la bonne gouvernance et d\u2019une gestion financi\u00e8re solide. Vous trouverez ci-dessous les rapports qui refl\u00e8tent notre engagement \u00e0 cet \u00e9gard. <\/p>\n<p class=\"p1\"><img loading=\"lazy\" decoding=\"async\" class=\"wp-image-725 alignnone size-full\" src=\"https:\/\/malihealth.org\/wp-content\/uploads\/2019\/05\/dots.png\" alt=\"\" width=\"740\" height=\"5\" srcset=\"https:\/\/malihealth.org\/wp-content\/uploads\/2019\/05\/dots.png 740w, https:\/\/malihealth.org\/wp-content\/uploads\/2019\/05\/dots-600x4.png 600w, https:\/\/malihealth.org\/wp-content\/uploads\/2019\/05\/dots-300x2.png 300w\" sizes=\"(max-width: 740px) 100vw, 740px\" \/><\/p>\n<p>[\/et_pb_text][et_pb_text _builder_version=\u00a0\u00bb4.23.1&Prime; background_size=\u00a0\u00bbinitial\u00a0\u00bb background_position=\u00a0\u00bbtop_left\u00a0\u00bb background_repeat=\u00a0\u00bbrepeat\u00a0\u00bb custom_margin=\u00a0\u00bb5px|||||\u00a0\u00bb global_colors_info=\u00a0\u00bb{}\u00a0\u00bb]<\/p>\n<h3>FORMULES 990<\/h3>\n<p><span style=\"text-decoration: underline\"><a href=\"https:\/\/malihealth.org\/wp-content\/uploads\/2023\/12\/2022Form990_FINAL.pdf\" target=\"_blank\" rel=\"noopener\">Formulaire 990 (2022)<\/a><br \/><a href=\"https:\/\/malihealth.org\/wp-content\/uploads\/2023\/12\/2021-public.pdf\" target=\"_blank\" rel=\"noopener\">Formulaire 990 (2021)<\/a><br \/><a href=\"https:\/\/malihealth.org\/wp-content\/uploads\/2023\/12\/2020-public.pdf\" target=\"_blank\" rel=\"noopener\">Formulaire 990 (2020)<\/a><\/span><span style=\"text-decoration: underline\"><a href=\"https:\/\/malihealth.biz\/wp-content\/uploads\/2018\/04\/Form-990-2016.pdf\"><br \/><\/a><a href=\"https:\/\/malihealth.biz\/wp-content\/uploads\/2018\/04\/Form-990-Public-Disclosure-2014.pdf\"><br \/><\/a><\/span><\/p>\n<h3>\u00c9TATS FINANCIERS EXAMIN\u00c9S<\/h3>\n<p><span style=\"text-decoration: underline\"><a href=\"https:\/\/malihealth.org\/wp-content\/uploads\/2023\/12\/Final-Signed-Review-December-31-2022.pdf\" target=\"_blank\" rel=\"noopener\">\u00c9tats financiers (2022)<\/a><a href=\"https:\/\/malihealth.biz\/wp-content\/uploads\/2018\/04\/Financial-Statement-2016.pdf\"><br \/><\/a><\/span><span style=\"text-decoration: underline\"><a href=\"https:\/\/malihealth.org\/wp-content\/uploads\/2023\/12\/Final-Review-12-31-21-1.pdf\" target=\"_blank\" rel=\"noopener\">\u00c9tats financiers (2021)<\/a><br \/><a href=\"https:\/\/malihealth.org\/wp-content\/uploads\/2023\/12\/Final-Review-12-31-20.pdf\" target=\"_blank\" rel=\"noopener\">\u00c9tats financiers (2020)<\/a><\/span><\/p>\n<p>&nbsp;<\/p>\n<p><em>Les rapports et les \u00e9tats financiers des ann\u00e9es pr\u00e9c\u00e9dentes sont disponibles sur demande (par courriel \u00e0 <a href=\"mailto:tara@malihealth.org\">Tara<\/a>).<br \/><\/em><\/p>\n<p>&nbsp;<\/p>\n<p>[\/et_pb_text][\/et_pb_column][\/et_pb_row][\/et_pb_section][et_pb_section fb_built=\u00a0\u00bb1&Prime; admin_label=\u00a0\u00bbFooter\u00a0\u00bb _builder_version=\u00a0\u00bb4.20.0&Prime; _module_preset=\u00a0\u00bbdefault\u00a0\u00bb background_color=\u00a0\u00bb#293B45&Prime; use_background_color_gradient=\u00a0\u00bbon\u00a0\u00bb background_color_gradient_stops=\u00a0\u00bbgcid-606d042f-c90f-4ea6-97e7-7b08f1ba25f6 20%|rgba(41,59,69,0.8) 100%\u00a0\u00bb background_color_gradient_overlays_image=\u00a0\u00bbon\u00a0\u00bb background_image=\u00a0\u00bbhttps:\/\/malihealth.org\/wp-content\/uploads\/2023\/10\/coaching-8.jpg\u00a0\u00bb global_module=\u00a0\u00bb4396&Prime; saved_tabs=\u00a0\u00bball\u00a0\u00bb collapsed=\u00a0\u00bboff\u00a0\u00bb global_colors_info=\u00a0\u00bb{%22gcid-606d042f-c90f-4ea6-97e7-7b08f1ba25f6%22:%91%22background_color_gradient_stops%22%93}\u00a0\u00bb][et_pb_row column_structure=\u00a0\u00bb1_2,1_2&Prime; _builder_version=\u00a0\u00bb4.20.0&Prime; _module_preset=\u00a0\u00bbdefault\u00a0\u00bb custom_padding=\u00a0\u00bb||9px|||\u00a0\u00bb global_colors_info=\u00a0\u00bb{}\u00a0\u00bb][et_pb_column type=\u00a0\u00bb1_2&Prime; _builder_version=\u00a0\u00bb4.20.0&Prime; _module_preset=\u00a0\u00bbdefault\u00a0\u00bb global_colors_info=\u00a0\u00bb{}\u00a0\u00bb][et_pb_image src=\u00a0\u00bbhttps:\/\/malihealth.org\/wp-content\/uploads\/2019\/09\/malihealth-white-logo-horizontal.png\u00a0\u00bb alt=\u00a0\u00bbMali Health logo\u00a0\u00bb title_text=\u00a0\u00bbmalihealth-white-logo-horizontal\u00a0\u00bb _builder_version=\u00a0\u00bb4.23.2&Prime; _module_preset=\u00a0\u00bbdefault\u00a0\u00bb width=\u00a0\u00bb70%\u00a0\u00bb module_alignment=\u00a0\u00bbcenter\u00a0\u00bb global_colors_info=\u00a0\u00bb{}\u00a0\u00bb][\/et_pb_image][et_pb_text _builder_version=\u00a0\u00bb4.27.0&Prime; _module_preset=\u00a0\u00bb9783e755-4179-4501-99ba-93aa95e31bf9&Prime; text_text_color=\u00a0\u00bb#FFFFFF\u00a0\u00bb global_colors_info=\u00a0\u00bb{%22gcid-606d042f-c90f-4ea6-97e7-7b08f1ba25f6%22:%91%22text_text_color%22%93}\u00a0\u00bb]<\/p>\n<p>Soutenir les femmes et les communaut\u00e9s dans l\u2019\u00e9laboration de solutions locales qui garantissent \u00e0 chaque m\u00e8re et \u00e0 chaque enfant l\u2019acc\u00e8s \u00e0 des soins de sant\u00e9 de qualit\u00e9.<span><span style=\"color: #073763\"><\/span><\/span><\/p>\n<p>[\/et_pb_text][\/et_pb_column][et_pb_column type=\u00a0\u00bb1_2&Prime; _builder_version=\u00a0\u00bb4.20.0&Prime; _module_preset=\u00a0\u00bbdefault\u00a0\u00bb global_colors_info=\u00a0\u00bb{}\u00a0\u00bb][et_pb_signup mailchimp_list=\u00a0\u00bbMali Health Mailing List|Mali Health Mailing List|679a864c84&Prime; name_field=\u00a0\u00bbon\u00a0\u00bb success_message=\u00a0\u00bbMerci de rejoindre notre communaut\u00e9 !\u00a0\u00bb title=\u00a0\u00bbRejoignez notre communaut\u00e9\u00a0\u00bb button_text=\u00a0\u00bbS&apos;ABONNER\u00a0\u00bb _builder_version=\u00a0\u00bb4.23.1&Prime; _module_preset=\u00a0\u00bbdefault\u00a0\u00bb form_field_background_color=\u00a0\u00bbRGBA(255,255,255,0)\u00a0\u00bb form_field_text_color=\u00a0\u00bb#FFFFFF\u00a0\u00bb header_font=\u00a0\u00bbQuestrial||||||||\u00a0\u00bb form_field_font_size=\u00a0\u00bb14px\u00a0\u00bb background_color=\u00a0\u00bbRGBA(255,255,255,0)\u00a0\u00bb custom_button=\u00a0\u00bbon\u00a0\u00bb button_text_size=\u00a0\u00bb24px\u00a0\u00bb button_text_color=\u00a0\u00bb#293b45&Prime; button_bg_color=\u00a0\u00bb#FFFFFF\u00a0\u00bb button_font=\u00a0\u00bbQuestrial||||||||\u00a0\u00bb button_icon=\u00a0\u00bb&#x35;||divi||400&Prime; border_radii_fields=\u00a0\u00bbon|0px|0px|0px|0px\u00a0\u00bb border_width_all_fields=\u00a0\u00bb1px\u00a0\u00bb border_color_all_fields=\u00a0\u00bb#FFFFFF\u00a0\u00bb global_colors_info=\u00a0\u00bb{}\u00a0\u00bb][\/et_pb_signup][\/et_pb_column][\/et_pb_row][et_pb_row column_structure=\u00a0\u00bb1_3,1_3,1_3&Prime; _builder_version=\u00a0\u00bb4.20.0&Prime; _module_preset=\u00a0\u00bbdefault\u00a0\u00bb global_colors_info=\u00a0\u00bb{}\u00a0\u00bb][et_pb_column type=\u00a0\u00bb1_3&Prime; _builder_version=\u00a0\u00bb4.20.0&Prime; _module_preset=\u00a0\u00bbdefault\u00a0\u00bb global_colors_info=\u00a0\u00bb{}\u00a0\u00bb][et_pb_text _builder_version=\u00a0\u00bb4.23.2&Prime; _module_preset=\u00a0\u00bb9783e755-4179-4501-99ba-93aa95e31bf9&Prime; text_text_color=\u00a0\u00bb#FFFFFF\u00a0\u00bb link_text_color=\u00a0\u00bb#FFFFFF\u00a0\u00bb text_orientation=\u00a0\u00bbcenter\u00a0\u00bb custom_margin=\u00a0\u00bb||10px||false|false\u00a0\u00bb global_colors_info=\u00a0\u00bb{%22gcid-606d042f-c90f-4ea6-97e7-7b08f1ba25f6%22:%91%22text_text_color%22%93}\u00a0\u00bb]<\/p>\n<p style=\"text-align: left\">US \/\/<br \/>PO Box 51632, Durham, NC 27717<\/p>\n<p style=\"text-align: left\">Mali\/\/<br \/>Hamdallaye ACI 2000<br \/>Rue 222, Porte 100<br \/>Commune IV du District de Bamako<br \/>C\u00f4t\u00e9 Ouest de l\u2019Ecole de Maintien de la Paix Alione Blondin Beye<\/p>\n<p>[\/et_pb_text][\/et_pb_column][et_pb_column type=\u00a0\u00bb1_3&Prime; _builder_version=\u00a0\u00bb4.20.0&Prime; _module_preset=\u00a0\u00bbdefault\u00a0\u00bb global_colors_info=\u00a0\u00bb{}\u00a0\u00bb][et_pb_text _builder_version=\u00a0\u00bb4.27.0&Prime; _module_preset=\u00a0\u00bb9783e755-4179-4501-99ba-93aa95e31bf9&Prime; text_text_color=\u00a0\u00bb#FFFFFF\u00a0\u00bb link_text_color=\u00a0\u00bb#FFFFFF\u00a0\u00bb text_orientation=\u00a0\u00bbcenter\u00a0\u00bb custom_margin=\u00a0\u00bb||10px||false|false\u00a0\u00bb locked=\u00a0\u00bboff\u00a0\u00bb global_colors_info=\u00a0\u00bb{%22gcid-606d042f-c90f-4ea6-97e7-7b08f1ba25f6%22:%91%22text_text_color%22%93}\u00a0\u00bb]<\/p>\n<p><strong><a href=\"https:\/\/malihealth.org\/fr\/comment-vous-pouvez-aider\/\">Comment vous pouvez aider<\/a><\/strong><\/p>\n<p>[\/et_pb_text][et_pb_text _builder_version=\u00a0\u00bb4.27.0&Prime; _module_preset=\u00a0\u00bb9783e755-4179-4501-99ba-93aa95e31bf9&Prime; text_text_color=\u00a0\u00bb#FFFFFF\u00a0\u00bb link_text_color=\u00a0\u00bb#FFFFFF\u00a0\u00bb text_orientation=\u00a0\u00bbcenter\u00a0\u00bb custom_margin=\u00a0\u00bb||10px||false|false\u00a0\u00bb locked=\u00a0\u00bboff\u00a0\u00bb global_colors_info=\u00a0\u00bb{%22gcid-606d042f-c90f-4ea6-97e7-7b08f1ba25f6%22:%91%22text_text_color%22%93}\u00a0\u00bb]<\/p>\n<p><strong><a href=\"malihealth.org\/values\" target=\"_blank\" rel=\"noopener\">Nos valeurs<\/a><\/strong><\/p>\n<p>[\/et_pb_text][et_pb_text _builder_version=\u00a0\u00bb4.27.0&Prime; _module_preset=\u00a0\u00bb9783e755-4179-4501-99ba-93aa95e31bf9&Prime; text_text_color=\u00a0\u00bb#FFFFFF\u00a0\u00bb link_text_color=\u00a0\u00bb#FFFFFF\u00a0\u00bb text_orientation=\u00a0\u00bbcenter\u00a0\u00bb custom_margin=\u00a0\u00bb||10px||false|false\u00a0\u00bb locked=\u00a0\u00bboff\u00a0\u00bb global_colors_info=\u00a0\u00bb{%22gcid-606d042f-c90f-4ea6-97e7-7b08f1ba25f6%22:%91%22text_text_color%22%93}\u00a0\u00bb]<\/p>\n<p><strong><a href=\"https:\/\/malihealth.org\/fr\/notre-approche\/\" target=\"_blank\" rel=\"noopener\">Notre approche<\/a><\/strong><\/p>\n<p>[\/et_pb_text][et_pb_text _builder_version=\u00a0\u00bb4.27.0&Prime; _module_preset=\u00a0\u00bb9783e755-4179-4501-99ba-93aa95e31bf9&Prime; text_text_color=\u00a0\u00bb#FFFFFF\u00a0\u00bb link_text_color=\u00a0\u00bb#FFFFFF\u00a0\u00bb text_orientation=\u00a0\u00bbcenter\u00a0\u00bb custom_margin=\u00a0\u00bb||10px||false|false\u00a0\u00bb locked=\u00a0\u00bboff\u00a0\u00bb global_colors_info=\u00a0\u00bb{%22gcid-606d042f-c90f-4ea6-97e7-7b08f1ba25f6%22:%91%22text_text_color%22%93}\u00a0\u00bb]<\/p>\n<p><strong><a href=\"https:\/\/malihealth.org\/fr\/soutenir-lequite-en-sante\/\" target=\"_blank\" rel=\"noopener\">Soutenir l\u2019\u00e9quit\u00e9 en sant\u00e9<\/a><\/strong><\/p>\n<p>[\/et_pb_text][et_pb_text _builder_version=\u00a0\u00bb4.27.0&Prime; _module_preset=\u00a0\u00bb9783e755-4179-4501-99ba-93aa95e31bf9&Prime; text_text_color=\u00a0\u00bb#FFFFFF\u00a0\u00bb link_text_color=\u00a0\u00bb#FFFFFF\u00a0\u00bb text_orientation=\u00a0\u00bbcenter\u00a0\u00bb custom_margin=\u00a0\u00bb||10px||false|false\u00a0\u00bb locked=\u00a0\u00bboff\u00a0\u00bb global_colors_info=\u00a0\u00bb{%22gcid-606d042f-c90f-4ea6-97e7-7b08f1ba25f6%22:%91%22text_text_color%22%93}\u00a0\u00bb]<\/p>\n<p><strong><a href=\"https:\/\/malihealth.org\/fr\/mises-a-jour\/\">Mises \u00e0 jour<\/a><\/strong><\/p>\n<p>[\/et_pb_text][\/et_pb_column][et_pb_column type=\u00a0\u00bb1_3&Prime; _builder_version=\u00a0\u00bb4.20.0&Prime; _module_preset=\u00a0\u00bbdefault\u00a0\u00bb global_colors_info=\u00a0\u00bb{}\u00a0\u00bb][et_pb_social_media_follow _builder_version=\u00a0\u00bb4.23.2&Prime; _module_preset=\u00a0\u00bbdefault\u00a0\u00bb text_orientation=\u00a0\u00bbcenter\u00a0\u00bb custom_margin=\u00a0\u00bb12px||12px||false|false\u00a0\u00bb global_colors_info=\u00a0\u00bb{}\u00a0\u00bb][et_pb_social_media_follow_network social_network=\u00a0\u00bbfacebook\u00a0\u00bb url=\u00a0\u00bbhttps:\/\/www.facebook.com\/MaliHealth\/\u00a0\u00bb _builder_version=\u00a0\u00bb4.23.2&Prime; _module_preset=\u00a0\u00bbdefault\u00a0\u00bb global_colors_info=\u00a0\u00bb{}\u00a0\u00bb follow_button=\u00a0\u00bboff\u00a0\u00bb url_new_window=\u00a0\u00bbon\u00a0\u00bb]facebook[\/et_pb_social_media_follow_network][et_pb_social_media_follow_network social_network=\u00a0\u00bbinstagram\u00a0\u00bb url=\u00a0\u00bbhttp:\/\/instagram.com\/malihealth\u00a0\u00bb _builder_version=\u00a0\u00bb4.23.2&Prime; _module_preset=\u00a0\u00bbdefault\u00a0\u00bb global_colors_info=\u00a0\u00bb{}\u00a0\u00bb follow_button=\u00a0\u00bboff\u00a0\u00bb url_new_window=\u00a0\u00bbon\u00a0\u00bb]instagram[\/et_pb_social_media_follow_network][et_pb_social_media_follow_network social_network=\u00a0\u00bblinkedin\u00a0\u00bb url=\u00a0\u00bbhttps:\/\/www.linkedin.com\/company\/mali-health\u00a0\u00bb _builder_version=\u00a0\u00bb4.23.2&Prime; _module_preset=\u00a0\u00bbdefault\u00a0\u00bb background_color=\u00a0\u00bbRGBA(255,255,255,0)\u00a0\u00bb background_enable_color=\u00a0\u00bbon\u00a0\u00bb global_colors_info=\u00a0\u00bb{}\u00a0\u00bb follow_button=\u00a0\u00bboff\u00a0\u00bb url_new_window=\u00a0\u00bbon\u00a0\u00bb]linkedin[\/et_pb_social_media_follow_network][\/et_pb_social_media_follow][et_pb_text _builder_version=\u00a0\u00bb4.23.2&Prime; _module_preset=\u00a0\u00bb9783e755-4179-4501-99ba-93aa95e31bf9&Prime; text_text_color=\u00a0\u00bb#FFFFFF\u00a0\u00bb link_text_color=\u00a0\u00bb#FFFFFF\u00a0\u00bb text_orientation=\u00a0\u00bbcenter\u00a0\u00bb global_colors_info=\u00a0\u00bb{%22gcid-606d042f-c90f-4ea6-97e7-7b08f1ba25f6%22:%91%22text_text_color%22%93}\u00a0\u00bb]<\/p>\n<p>info@malihealth.org<\/p>\n<p>[\/et_pb_text][et_pb_image src=\u00a0\u00bbhttps:\/\/malihealth.org\/wp-content\/uploads\/2024\/04\/candid-seal-platinum-2024-150&#215;150.png\u00a0\u00bb alt=\u00a0\u00bbSceau de transparence en platine de Candid 2024&Prime; title_text=\u00a0\u00bbSceau-Candid-Platine-2024&Prime; align=\u00a0\u00bbcenter\u00a0\u00bb _builder_version=\u00a0\u00bb4.27.0&Prime; _module_preset=\u00a0\u00bbdefault\u00a0\u00bb width=\u00a0\u00bb100px\u00a0\u00bb height=\u00a0\u00bb100px\u00a0\u00bb global_colors_info=\u00a0\u00bb{}\u00a0\u00bb][\/et_pb_image][\/et_pb_column][\/et_pb_row][et_pb_row _builder_version=\u00a0\u00bb4.23.2&Prime; _module_preset=\u00a0\u00bbdefault\u00a0\u00bb global_colors_info=\u00a0\u00bb{}\u00a0\u00bb][et_pb_column type=\u00a0\u00bb4_4&Prime; _builder_version=\u00a0\u00bb4.23.2&Prime; _module_preset=\u00a0\u00bbdefault\u00a0\u00bb global_colors_info=\u00a0\u00bb{}\u00a0\u00bb][et_pb_image src=\u00a0\u00bbhttps:\/\/malihealth.org\/wp-content\/uploads\/2019\/03\/line.png\u00a0\u00bb title_text=\u00a0\u00bbligne\u00a0\u00bb align=\u00a0\u00bbcenter\u00a0\u00bb _builder_version=\u00a0\u00bb4.23.2&Prime; _module_preset=\u00a0\u00bbdefault\u00a0\u00bb custom_padding=\u00a0\u00bb10px||10px||true|false\u00a0\u00bb global_colors_info=\u00a0\u00bb{}\u00a0\u00bb][\/et_pb_image][\/et_pb_column][\/et_pb_row][\/et_pb_section]<\/p>\n","protected":false},"excerpt":{"rendered":"<p>RAPPORTS ET \u00c9TATS FINANCIERS QUI SOMMES-NOUSNotre \u00e9quipe Notre histoire O\u00f9 nous travaillons Rapports et finances \n<div role=\"navigation\" aria-label=\"S\u00e9lecteur de langue\" class=\"wpml-ls-statics-shortcode_actions wpml-ls wpml-ls-legacy-list-horizontal\">\n\t<ul><li class=\"wpml-ls-slot-shortcode_actions wpml-ls-item wpml-ls-item-en wpml-ls-first-item wpml-ls-item-legacy-list-horizontal\">\n\t\t\t\t<a href=\"https:\/\/malihealth.org\/\" hreflang=\"en\" lang=\"en\" class=\"wpml-ls-link\" aria-label=\"Passer \u00e0 English\" title=\"Passer \u00e0 English\">\n\t\t\t\t\t<span class=\"wpml-ls-native\">English<\/span><\/a>\n\t\t\t<\/li><li class=\"wpml-ls-slot-shortcode_actions wpml-ls-item wpml-ls-item-fr wpml-ls-current-language wpml-ls-item-legacy-list-horizontal\">\n\t\t\t\t<a href=\"https:\/\/malihealth.org\/fr\/\" hreflang=\"fr\" lang=\"fr\" class=\"wpml-ls-link\" aria-current=\"page\" aria-label=\"Passer \u00e0 Fran\u00e7ais\" title=\"Passer \u00e0 Fran\u00e7ais\">\n\t\t\t\t\t<span class=\"wpml-ls-native\">Fran\u00e7ais<\/span><\/a>\n\t\t\t<\/li><li class=\"wpml-ls-slot-shortcode_actions wpml-ls-item wpml-ls-item-ba wpml-ls-last-item wpml-ls-item-legacy-list-horizontal\">\n\t\t\t\t<a href=\"https:\/\/malihealth.org\/ba\/\" hreflang=\"ba\" lang=\"ba\" class=\"wpml-ls-link\" aria-label=\"Passer \u00e0 Bamanankan\" title=\"Passer \u00e0 Bamanankan\">\n\t\t\t\t\t<span class=\"wpml-ls-native\">Bamanankan<\/span><\/a>\n\t\t\t<\/li><\/ul>\n<\/div>\nMali Health s\u2019engage en faveur de la transparence, de la bonne gouvernance et d\u2019une gestion financi\u00e8re solide. Vous trouverez ci-dessous les rapports qui refl\u00e8tent notre engagement \u00e0 cet \u00e9gard. FORMULES 990 Formulaire 990 (2022)Formulaire 990 (2021)Formulaire 990 (2020) \u00c9TATS FINANCIERS [&hellip;]<\/p>\n","protected":false},"author":5,"featured_media":0,"parent":0,"menu_order":0,"comment_status":"closed","ping_status":"closed","template":"","meta":{"_et_pb_use_builder":"on","_et_pb_old_content":"","_et_gb_content_width":"","footnotes":""},"class_list":["post-4930","page","type-page","status-publish","hentry"],"_links":{"self":[{"href":"https:\/\/malihealth.org\/fr\/wp-json\/wp\/v2\/pages\/4930","targetHints":{"allow":["GET"]}}],"collection":[{"href":"https:\/\/malihealth.org\/fr\/wp-json\/wp\/v2\/pages"}],"about":[{"href":"https:\/\/malihealth.org\/fr\/wp-json\/wp\/v2\/types\/page"}],"author":[{"embeddable":true,"href":"https:\/\/malihealth.org\/fr\/wp-json\/wp\/v2\/users\/5"}],"replies":[{"embeddable":true,"href":"https:\/\/malihealth.org\/fr\/wp-json\/wp\/v2\/comments?post=4930"}],"version-history":[{"count":10,"href":"https:\/\/malihealth.org\/fr\/wp-json\/wp\/v2\/pages\/4930\/revisions"}],"predecessor-version":[{"id":5093,"href":"https:\/\/malihealth.org\/fr\/wp-json\/wp\/v2\/pages\/4930\/revisions\/5093"}],"wp:attachment":[{"href":"https:\/\/malihealth.org\/fr\/wp-json\/wp\/v2\/media?parent=4930"}],"curies":[{"name":"wp","href":"https:\/\/api.w.org\/{rel}","templated":true}]}}