{"id":4952,"date":"2018-04-27T15:13:55","date_gmt":"2018-04-27T15:13:55","guid":{"rendered":"https:\/\/malihealth.org\/notre-approche\/"},"modified":"2025-06-28T18:14:32","modified_gmt":"2025-06-28T18:14:32","slug":"notre-approche","status":"publish","type":"page","link":"https:\/\/malihealth.org\/fr\/notre-approche\/","title":{"rendered":"Notre approche"},"content":{"rendered":"<p>[et_pb_section fb_built=\u00a0\u00bb1&Prime; _builder_version=\u00a0\u00bb4.16&Prime; global_colors_info=\u00a0\u00bb{}\u00a0\u00bb][et_pb_row _builder_version=\u00a0\u00bb4.16&Prime; custom_padding=\u00a0\u00bb31px|||||\u00a0\u00bb global_colors_info=\u00a0\u00bb{}\u00a0\u00bb][et_pb_column type=\u00a0\u00bb4_4&Prime; _builder_version=\u00a0\u00bb4.16&Prime; global_colors_info=\u00a0\u00bb{}\u00a0\u00bb][et_pb_code _builder_version=\u00a0\u00bb4.27.4&Prime; _module_preset=\u00a0\u00bbdefault\u00a0\u00bb text_orientation=\u00a0\u00bbright\u00a0\u00bb global_colors_info=\u00a0\u00bb{}\u00a0\u00bb]\n<div role=\"navigation\" aria-label=\"S\u00e9lecteur de langue\" class=\"wpml-ls-statics-shortcode_actions wpml-ls wpml-ls-legacy-list-horizontal\">\n\t<ul><li class=\"wpml-ls-slot-shortcode_actions wpml-ls-item wpml-ls-item-en wpml-ls-first-item wpml-ls-item-legacy-list-horizontal\">\n\t\t\t\t<a href=\"https:\/\/malihealth.org\/\" hreflang=\"en\" lang=\"en\" class=\"wpml-ls-link\" aria-label=\"Passer \u00e0 English\" title=\"Passer \u00e0 English\">\n\t\t\t\t\t<span class=\"wpml-ls-native\">English<\/span><\/a>\n\t\t\t<\/li><li class=\"wpml-ls-slot-shortcode_actions wpml-ls-item wpml-ls-item-fr wpml-ls-current-language wpml-ls-item-legacy-list-horizontal\">\n\t\t\t\t<a href=\"https:\/\/malihealth.org\/fr\/\" hreflang=\"fr\" lang=\"fr\" class=\"wpml-ls-link\" aria-current=\"page\" aria-label=\"Passer \u00e0 Fran\u00e7ais\" title=\"Passer \u00e0 Fran\u00e7ais\">\n\t\t\t\t\t<span class=\"wpml-ls-native\">Fran\u00e7ais<\/span><\/a>\n\t\t\t<\/li><li class=\"wpml-ls-slot-shortcode_actions wpml-ls-item wpml-ls-item-ba wpml-ls-last-item wpml-ls-item-legacy-list-horizontal\">\n\t\t\t\t<a href=\"https:\/\/malihealth.org\/ba\/\" hreflang=\"ba\" lang=\"ba\" class=\"wpml-ls-link\" aria-label=\"Passer \u00e0 Bamanankan\" title=\"Passer \u00e0 Bamanankan\">\n\t\t\t\t\t<span class=\"wpml-ls-native\">Bamanankan<\/span><\/a>\n\t\t\t<\/li><\/ul>\n<\/div>\n[\/et_pb_code][et_pb_text _builder_version=\u00a0\u00bb4.16&Prime; text_font=\u00a0\u00bbSue Ellen Francisco||||||||\u00a0\u00bb text_font_size=\u00a0\u00bb40px\u00a0\u00bb custom_margin=\u00a0\u00bb|||\u00a0\u00bb custom_padding=\u00a0\u00bb30px||15px|\u00a0\u00bb global_colors_info=\u00a0\u00bb{}\u00a0\u00bb]<\/p>\n<p style=\"text-align: center;\"><img loading=\"lazy\" decoding=\"async\" src=\"https:\/\/malihealth.org\/wp-content\/uploads\/2019\/03\/arrow_right.png\" alt=\"\" class=\"wp-image-627 alignnone size-full\" width=\"28\" height=\"41\">  NOTRE APPROCHE  <img loading=\"lazy\" decoding=\"async\" src=\"https:\/\/malihealth.org\/wp-content\/uploads\/2019\/03\/arrow_left.png\" alt=\"\" class=\"wp-image-626 alignnone size-full\" width=\"28\" height=\"41\"><\/p>\n<p>[\/et_pb_text][\/et_pb_column][\/et_pb_row][et_pb_row _builder_version=\u00a0\u00bb4.16&Prime; custom_margin=\u00a0\u00bb|auto|28px|auto||\u00a0\u00bb global_colors_info=\u00a0\u00bb{}\u00a0\u00bb][et_pb_column type=\u00a0\u00bb4_4&Prime; _builder_version=\u00a0\u00bb4.16&Prime; global_colors_info=\u00a0\u00bb{}\u00a0\u00bb][et_pb_text _builder_version=\u00a0\u00bb4.23.1&Prime; text_font_size=\u00a0\u00bb17px\u00a0\u00bb header_font_size=\u00a0\u00bb35px\u00a0\u00bb custom_margin=\u00a0\u00bb||1px|||\u00a0\u00bb global_colors_info=\u00a0\u00bb{}\u00a0\u00bb]<\/p>\n<p style=\"text-align: center;\">Pour que toutes les m\u00e8res et tous les enfants aient acc\u00e8s \u00e0 des soins de sant\u00e9 de qualit\u00e9, le syst\u00e8me de soins primaires doit bien fonctionner.<\/p>\n<p style=\"text-align: center;\">Que faire lorsque le syst\u00e8me de sant\u00e9 communautaire est fractur\u00e9, sous-financ\u00e9 ou inefficace ?<\/p>\n<h1 style=\"text-align: center;\"><span style=\"color: #a33902;\">Aidez la communaut\u00e9 \u00e0 reconstruire le syst\u00e8me de sant\u00e9 communautaire<\/span><\/h1>\n<p style=\"text-align: center;\"><span style=\"font-size: x-large;\"><br \/>Mali Health aide les communaut\u00e9s \u00e0 d\u00e9velopper des solutions locales pour construire des syst\u00e8mes de sant\u00e9 centr\u00e9s sur les femmes et dirig\u00e9s par les communaut\u00e9s. Voici les quatre fa\u00e7ons de proc\u00e9der : <\/span><\/p>\n<p>[\/et_pb_text][\/et_pb_column][\/et_pb_row][et_pb_row column_structure=\u00a0\u00bb1_4,1_4,1_4,1_4&Prime; _builder_version=\u00a0\u00bb4.16&Prime; custom_padding=\u00a0\u00bb10px||4px|||\u00a0\u00bb global_colors_info=\u00a0\u00bb{}\u00a0\u00bb][et_pb_column type=\u00a0\u00bb1_4&Prime; _builder_version=\u00a0\u00bb4.16&Prime; global_colors_info=\u00a0\u00bb{}\u00a0\u00bb][et_pb_image src=\u00a0\u00bbhttps:\/\/malihealth.biz\/wp-content\/uploads\/2019\/03\/Group.png\u00a0\u00bb url=\u00a0\u00bb\/fr\/agents-de-sante-communautaires\/\u00a0\u00bb url_new_window=\u00a0\u00bbon\u00a0\u00bb _builder_version=\u00a0\u00bb4.16&Prime; custom_margin=\u00a0\u00bb||-6px|||\u00a0\u00bb global_colors_info=\u00a0\u00bb{}\u00a0\u00bb][\/et_pb_image][et_pb_text _builder_version=\u00a0\u00bb4.27.4&Prime; custom_padding=\u00a0\u00bb50px||0px|||\u00a0\u00bb hover_enabled=\u00a0\u00bb0&Prime; global_colors_info=\u00a0\u00bb{}\u00a0\u00bb sticky_enabled=\u00a0\u00bb0&Prime;]<\/p>\n<p><strong><\/strong><\/p>\n<p><a href=\"https:\/\/malihealth.org\/fr\/agents-de-sante-communautaires\/\"><strong>Travailleurs de Sant\u00e9 Communautaires<\/strong><\/a><\/p>\n<p>Nous soutenons des agents de sant\u00e9 communautaires r\u00e9mun\u00e9r\u00e9s, supervis\u00e9s et form\u00e9s qui dispensent une \u00e9ducation \u00e0 la sant\u00e9, surveillent la sant\u00e9, et s&rsquo;assurent que les familles comprennent le traitement.<\/p>\n<p>[\/et_pb_text][\/et_pb_column][et_pb_column type=\u00a0\u00bb1_4&Prime; _builder_version=\u00a0\u00bb4.16&Prime; global_colors_info=\u00a0\u00bb{}\u00a0\u00bb][et_pb_image src=\u00a0\u00bbhttps:\/\/malihealth.biz\/wp-content\/uploads\/2019\/03\/Group-2.png\u00a0\u00bb url=\u00a0\u00bbhttps:\/\/malihealth.org\/fr\/financement-de-la-sante-par-les-femmes\/\u00a0\u00bb _builder_version=\u00a0\u00bb4.16&Prime; custom_margin=\u00a0\u00bb||26px|||\u00a0\u00bb global_colors_info=\u00a0\u00bb{}\u00a0\u00bb][\/et_pb_image][et_pb_text _builder_version=\u00a0\u00bb4.27.4&Prime; custom_margin=\u00a0\u00bb-17px|||||\u00a0\u00bb hover_enabled=\u00a0\u00bb0&Prime; global_colors_info=\u00a0\u00bb{}\u00a0\u00bb sticky_enabled=\u00a0\u00bb0&Prime;]<\/p>\n<p><strong><\/strong><\/p>\n<p><strong><\/strong><\/p>\n<p><a href=\"https:\/\/malihealth.org\/fr\/financement-de-la-sante-par-les-femmes\/\"><strong>Financement de la sant\u00e9 par les femmes<\/strong><\/a><\/p>\n<p>Alors que nous travaillons \u00e0 l\u2019\u00e9limination des frais d\u2019utilisation, nous aidons les femmes \u00e0 g\u00e9n\u00e9rer des ressources financi\u00e8res qui peuvent les aider \u00e0 acc\u00e9der aux soins de sant\u00e9 pour elles-m\u00eames et leurs familles.<\/p>\n<p>[\/et_pb_text][\/et_pb_column][et_pb_column type=\u00a0\u00bb1_4&Prime; _builder_version=\u00a0\u00bb4.16&Prime; global_colors_info=\u00a0\u00bb{}\u00a0\u00bb][et_pb_image src=\u00a0\u00bbhttps:\/\/malihealth.biz\/wp-content\/uploads\/2019\/03\/Group-4.png\u00a0\u00bb url=\u00a0\u00bb\/fr\/promotion-de-la-sante-et-sensibilisation-communautaire\/\u00a0\u00bb url_new_window=\u00a0\u00bbon\u00a0\u00bb _builder_version=\u00a0\u00bb4.16&Prime; custom_margin=\u00a0\u00bb||-6px|||\u00a0\u00bb custom_padding=\u00a0\u00bb||68px|||\u00a0\u00bb global_colors_info=\u00a0\u00bb{}\u00a0\u00bb][\/et_pb_image][et_pb_text _builder_version=\u00a0\u00bb4.27.4&Prime; hover_enabled=\u00a0\u00bb0&Prime; global_colors_info=\u00a0\u00bb{}\u00a0\u00bb sticky_enabled=\u00a0\u00bb0&Prime;]<\/p>\n<p><a href=\"https:\/\/malihealth.org\/fr\/promotion-de-la-sante-et-sensibilisation-communautaire\/\" title=\"Promotion de la sant\u00e9 et sensibilisation communautaire\"><strong><\/strong><strong>Promotion de la sant\u00e9 et sensibilisation communautaire<\/strong><\/a><\/p>\n<p>Nous veillons \u00e0 ce que les m\u00e8res, les soignants et les membres de la communaut\u00e9 disposent de l\u2019information dont ils ont besoin pour rester en bonne sant\u00e9 ou pour demander des soins en case de n\u00e9cessit\u00e9.<\/p>\n<p>&nbsp;<\/p>\n<p>[\/et_pb_text][\/et_pb_column][et_pb_column type=\u00a0\u00bb1_4&Prime; _builder_version=\u00a0\u00bb4.16&Prime; global_colors_info=\u00a0\u00bb{}\u00a0\u00bb][et_pb_image src=\u00a0\u00bbhttps:\/\/malihealth.biz\/wp-content\/uploads\/2019\/03\/Group-8.png\u00a0\u00bb url=\u00a0\u00bbhttp:\/\/www\/malihealth.org\/QI\u00a0\u00bb url_new_window=\u00a0\u00bbon\u00a0\u00bb _builder_version=\u00a0\u00bb4.16&Prime; custom_margin=\u00a0\u00bb||-6px|||\u00a0\u00bb custom_padding=\u00a0\u00bb||32px|||\u00a0\u00bb global_colors_info=\u00a0\u00bb{}\u00a0\u00bb][\/et_pb_image][et_pb_text _builder_version=\u00a0\u00bb4.27.4&Prime; min_height=\u00a0\u00bb150px\u00a0\u00bb custom_padding=\u00a0\u00bb0px|||||\u00a0\u00bb hover_enabled=\u00a0\u00bb0&Prime; global_colors_info=\u00a0\u00bb{}\u00a0\u00bb sticky_enabled=\u00a0\u00bb0&Prime;]<a title=\"Am\u00e9lioration de la qualit\u00e9 et de la gouvernance\" href=\"https:\/\/malihealth.org\/fr\/amelioration-de-la-qualite-et-de-la-gouvernance\/\"><strong>A<\/strong><strong>m\u00e9lioration de la qualit\u00e9 et de la gouvernance<\/strong><\/a><\/p>\n<p>Nous utilisons des m\u00e9thodes participatives pour former les \u00e9quipes locales qui dirigent le processus d\u2019am\u00e9lioration de la gouvernance et des soins dispens\u00e9s dans leurs centres de sant\u00e9 communautaires.[\/et_pb_text][\/et_pb_column][\/et_pb_row][et_pb_row _builder_version=\u00a0\u00bb4.16&Prime; custom_margin=\u00a0\u00bb-4px|auto||auto||\u00a0\u00bb global_colors_info=\u00a0\u00bb{}\u00a0\u00bb][et_pb_column type=\u00a0\u00bb4_4&Prime; _builder_version=\u00a0\u00bb4.16&Prime; global_colors_info=\u00a0\u00bb{}\u00a0\u00bb][et_pb_image src=\u00a0\u00bbhttps:\/\/malihealth.org\/wp-content\/uploads\/2019\/05\/dots.png\u00a0\u00bb title_text=\u00a0\u00bbdots\u00a0\u00bb align=\u00a0\u00bbcenter\u00a0\u00bb _builder_version=\u00a0\u00bb4.16&Prime; _module_preset=\u00a0\u00bbdefault\u00a0\u00bb global_colors_info=\u00a0\u00bb{}\u00a0\u00bb][\/et_pb_image][\/et_pb_column][\/et_pb_row][et_pb_row _builder_version=\u00a0\u00bb4.16&Prime; global_colors_info=\u00a0\u00bb{}\u00a0\u00bb][et_pb_column type=\u00a0\u00bb4_4&Prime; _builder_version=\u00a0\u00bb4.16&Prime; global_colors_info=\u00a0\u00bb{}\u00a0\u00bb][et_pb_text _builder_version=\u00a0\u00bb4.16&Prime; text_font_size=\u00a0\u00bb18px\u00a0\u00bb global_colors_info=\u00a0\u00bb{}\u00a0\u00bb]<\/p>\n<p>Les syst\u00e8mes de sant\u00e9 centr\u00e9s sur les femmes et dirig\u00e9s par la communaut\u00e9 sont plus solides et plus r\u00e9silients. Ils garantissent l&rsquo;acc\u00e8s permanent pour toutes les m\u00e8res et tous les enfants \u00e0 des soins de sant\u00e9 primaires de qualit\u00e9. Voici quelques-unes de nos priorit\u00e9s pour b\u00e2tir de meilleurs syst\u00e8mes de sant\u00e9 locaux avec nos partenaires dans les communaut\u00e9s marginalis\u00e9es :  <\/p>\n<p>[\/et_pb_text][\/et_pb_column][\/et_pb_row][et_pb_row column_structure=\u00a0\u00bb1_3,1_3,1_3&Prime; _builder_version=\u00a0\u00bb4.16&Prime; custom_margin=\u00a0\u00bb||||false|false\u00a0\u00bb global_colors_info=\u00a0\u00bb{}\u00a0\u00bb][et_pb_column type=\u00a0\u00bb1_3&Prime; _builder_version=\u00a0\u00bb4.16&Prime; global_colors_info=\u00a0\u00bb{}\u00a0\u00bb][et_pb_text _builder_version=\u00a0\u00bb4.27.4&Prime; text_text_color=\u00a0\u00bb#e8d58b\u00a0\u00bb text_line_height=\u00a0\u00bb1.5em\u00a0\u00bb header_font=\u00a0\u00bbOpen Sans|700|||||||\u00a0\u00bb header_font_size=\u00a0\u00bb26px\u00a0\u00bb background_color=\u00a0\u00bb#fbede7&Prime; height=\u00a0\u00bb300px\u00a0\u00bb custom_padding=\u00a0\u00bb30px|28px|30px|28px|false|false\u00a0\u00bb global_colors_info=\u00a0\u00bb{}\u00a0\u00bb]<\/p>\n<h1 style=\"text-align: center;\"><strong><span style=\"color: #212547;\"><img loading=\"lazy\" decoding=\"async\" src=\"https:\/\/malihealth.org\/wp-content\/uploads\/2019\/03\/arrow_right.png\" alt=\"\" class=\"wp-image-627 alignnone size-full\" width=\"16\" height=\"23\"><\/span><\/strong><span style=\"color: #212547;\">  Financement local<\/span><\/h1>\n<div style=\"text-align: center;\"><span style=\"color: #212547;\"><br \/>L\u2019\u00e9limination des obstacles financiers am\u00e9liore l\u2019acc\u00e8s aux soins. Nous aidons les communaut\u00e9s \u00e0 mobiliser des ressources locales afin que les m\u00e8res et les enfants puissent acc\u00e9der rapidement aux soins n\u00e9cessaires et que les centres de sant\u00e9 aient les revenus ad\u00e9quats \u00e0 long terme pour soins de qualit\u00e9 centr\u00e9s sur le patient. <\/span><\/div>\n<p>[\/et_pb_text][\/et_pb_column][et_pb_column type=\u00a0\u00bb1_3&Prime; _builder_version=\u00a0\u00bb4.16&Prime; global_colors_info=\u00a0\u00bb{}\u00a0\u00bb][et_pb_text _builder_version=\u00a0\u00bb4.27.4&Prime; text_text_color=\u00a0\u00bb#e8d58b\u00a0\u00bb text_line_height=\u00a0\u00bb1.5em\u00a0\u00bb header_font=\u00a0\u00bbOpen Sans|300|||||||\u00a0\u00bb header_font_size=\u00a0\u00bb26px\u00a0\u00bb background_color=\u00a0\u00bb#fbede7&Prime; height=\u00a0\u00bb300px\u00a0\u00bb custom_padding=\u00a0\u00bb30px|30px|30px|30px|false|false\u00a0\u00bb global_colors_info=\u00a0\u00bb{}\u00a0\u00bb]<\/p>\n<h1 style=\"text-align: center;\"><strong><span style=\"color: #212547;\"><img loading=\"lazy\" decoding=\"async\" src=\"https:\/\/malihealth.org\/wp-content\/uploads\/2019\/03\/arrow_right.png\" alt=\"\" class=\"wp-image-627 alignnone size-full\" width=\"16\" height=\"23\">  Participatif<br \/><\/span><\/strong><\/h1>\n<div style=\"text-align: center;\"><span style=\"color: #212547;\"><\/span><\/div>\n<div style=\"text-align: center;\"><span style=\"color: #212547;\"><\/span><\/div>\n<div style=\"text-align: center;\"><span style=\"color: #212547;\"><\/span><\/div>\n<div style=\"text-align: center;\"><span style=\"color: #212547;\"><\/span><\/div>\n<div style=\"text-align: center;\"><span style=\"color: #212547;\"><br \/>Le syst\u00e8me de sant\u00e9 communautaire au Mali d\u00e9pend de la participation de<br \/>membres de la communaut\u00e9 &#8211; et nous les aidons \u00e0 s\u2019assurer que leurs institutions locales soient d\u00e9mocratiques, transparentes et adapt\u00e9es aux besoins de leurs communaut\u00e9s.<\/span><\/div>\n<p>[\/et_pb_text][\/et_pb_column][et_pb_column type=\u00a0\u00bb1_3&Prime; _builder_version=\u00a0\u00bb4.16&Prime; global_colors_info=\u00a0\u00bb{}\u00a0\u00bb][et_pb_text _builder_version=\u00a0\u00bb4.27.4&Prime; text_text_color=\u00a0\u00bb#e8d58b\u00a0\u00bb text_line_height=\u00a0\u00bb1.5em\u00a0\u00bb header_font=\u00a0\u00bbOpen Sans||||||||\u00a0\u00bb header_font_size=\u00a0\u00bb26px\u00a0\u00bb background_color=\u00a0\u00bb#fbede7&Prime; height=\u00a0\u00bb300px\u00a0\u00bb custom_padding=\u00a0\u00bb30px|30px|30px|30px|false|false\u00a0\u00bb global_colors_info=\u00a0\u00bb{}\u00a0\u00bb]<\/p>\n<div style=\"text-align: center;\"><span style=\"font-size: large;\"><strong><span style=\"color: #212547;\"><\/span><\/strong><\/span><\/div>\n<div style=\"text-align: center;\"><span style=\"font-size: large;\"><strong><span style=\"color: #212547;\"><\/span><\/strong><\/span><\/div>\n<div style=\"text-align: center;\">\n<h1 style=\"text-align: center;\"><strong><span style=\"color: #212547;\"><img loading=\"lazy\" decoding=\"async\" src=\"https:\/\/malihealth.org\/wp-content\/uploads\/2019\/03\/arrow_right.png\" alt=\"\" class=\"wp-image-627 alignnone size-full\" width=\"16\" height=\"23\">  \u00c9quitable<br \/><\/span><\/strong><\/h1>\n<p><span style=\"font-size: large;\"><strong><span style=\"color: #212547;\"><\/span><\/strong><\/span><span style=\"color: #212547;\"><br \/>Le chemin vers la mise en place de soins de sant\u00e9 pour tous commence par le service aux femmes, les enfants et les familles qui en ont le plus besoin, et de les faire passer en premier. Nous nous concentrons sur les communaut\u00e9s o\u00f9 les besoins sont les plus grands et les ressources les plus rares. <br \/><\/span><\/p>\n<\/div>\n<p>[\/et_pb_text][\/et_pb_column][\/et_pb_row][\/et_pb_section]<\/p>\n","protected":false},"excerpt":{"rendered":"<p>\n<div role=\"navigation\" aria-label=\"S\u00e9lecteur de langue\" class=\"wpml-ls-statics-shortcode_actions wpml-ls wpml-ls-legacy-list-horizontal\">\n\t<ul><li class=\"wpml-ls-slot-shortcode_actions wpml-ls-item wpml-ls-item-en wpml-ls-first-item wpml-ls-item-legacy-list-horizontal\">\n\t\t\t\t<a href=\"https:\/\/malihealth.org\/\" hreflang=\"en\" lang=\"en\" class=\"wpml-ls-link\" aria-label=\"Passer \u00e0 English\" title=\"Passer \u00e0 English\">\n\t\t\t\t\t<span class=\"wpml-ls-native\">English<\/span><\/a>\n\t\t\t<\/li><li class=\"wpml-ls-slot-shortcode_actions wpml-ls-item wpml-ls-item-fr wpml-ls-current-language wpml-ls-item-legacy-list-horizontal\">\n\t\t\t\t<a href=\"https:\/\/malihealth.org\/fr\/\" hreflang=\"fr\" lang=\"fr\" class=\"wpml-ls-link\" aria-current=\"page\" aria-label=\"Passer \u00e0 Fran\u00e7ais\" title=\"Passer \u00e0 Fran\u00e7ais\">\n\t\t\t\t\t<span class=\"wpml-ls-native\">Fran\u00e7ais<\/span><\/a>\n\t\t\t<\/li><li class=\"wpml-ls-slot-shortcode_actions wpml-ls-item wpml-ls-item-ba wpml-ls-last-item wpml-ls-item-legacy-list-horizontal\">\n\t\t\t\t<a href=\"https:\/\/malihealth.org\/ba\/\" hreflang=\"ba\" lang=\"ba\" class=\"wpml-ls-link\" aria-label=\"Passer \u00e0 Bamanankan\" title=\"Passer \u00e0 Bamanankan\">\n\t\t\t\t\t<span class=\"wpml-ls-native\">Bamanankan<\/span><\/a>\n\t\t\t<\/li><\/ul>\n<\/div>\n NOTRE APPROCHE Pour que toutes les m\u00e8res et tous les enfants aient acc\u00e8s \u00e0 des soins de sant\u00e9 de qualit\u00e9, le syst\u00e8me de soins primaires doit bien fonctionner. Que faire lorsque le syst\u00e8me de sant\u00e9 communautaire est fractur\u00e9, sous-financ\u00e9 ou inefficace ? Aidez la communaut\u00e9 \u00e0 reconstruire le syst\u00e8me de sant\u00e9 communautaire Mali Health [&hellip;]<\/p>\n","protected":false},"author":5,"featured_media":0,"parent":0,"menu_order":0,"comment_status":"closed","ping_status":"closed","template":"","meta":{"_et_pb_use_builder":"on","_et_pb_old_content":"","_et_gb_content_width":"","footnotes":""},"class_list":["post-4952","page","type-page","status-publish","hentry"],"_links":{"self":[{"href":"https:\/\/malihealth.org\/fr\/wp-json\/wp\/v2\/pages\/4952","targetHints":{"allow":["GET"]}}],"collection":[{"href":"https:\/\/malihealth.org\/fr\/wp-json\/wp\/v2\/pages"}],"about":[{"href":"https:\/\/malihealth.org\/fr\/wp-json\/wp\/v2\/types\/page"}],"author":[{"embeddable":true,"href":"https:\/\/malihealth.org\/fr\/wp-json\/wp\/v2\/users\/5"}],"replies":[{"embeddable":true,"href":"https:\/\/malihealth.org\/fr\/wp-json\/wp\/v2\/comments?post=4952"}],"version-history":[{"count":32,"href":"https:\/\/malihealth.org\/fr\/wp-json\/wp\/v2\/pages\/4952\/revisions"}],"predecessor-version":[{"id":5303,"href":"https:\/\/malihealth.org\/fr\/wp-json\/wp\/v2\/pages\/4952\/revisions\/5303"}],"wp:attachment":[{"href":"https:\/\/malihealth.org\/fr\/wp-json\/wp\/v2\/media?parent=4952"}],"curies":[{"name":"wp","href":"https:\/\/api.w.org\/{rel}","templated":true}]}}