{"id":5056,"date":"2018-04-10T16:02:51","date_gmt":"2018-04-10T16:02:51","guid":{"rendered":"https:\/\/malihealth.org\/soutenir-lequite-en-sante\/"},"modified":"2025-08-10T16:57:26","modified_gmt":"2025-08-10T16:57:26","slug":"soutenir-lequite-en-sante","status":"publish","type":"page","link":"https:\/\/malihealth.org\/fr\/soutenir-lequite-en-sante\/","title":{"rendered":"Soutenir l\u2019\u00e9quit\u00e9 en sant\u00e9"},"content":{"rendered":"<p>[et_pb_section fb_built=\u00a0\u00bb1&Prime; admin_label=\u00a0\u00bbsection\u00a0\u00bb _builder_version=\u00a0\u00bb4.16&Prime; background_image=\u00a0\u00bbhttps:\/\/malihealth.org\/wp-content\/uploads\/2018\/04\/14666200182_ac822e0aa1_o-e1566690004577.jpg\u00a0\u00bb parallax=\u00a0\u00bbon\u00a0\u00bb parallax_method=\u00a0\u00bboff\u00a0\u00bb module_alignment=\u00a0\u00bbcenter\u00a0\u00bb custom_margin=\u00a0\u00bb||||false|false\u00a0\u00bb custom_padding=\u00a0\u00bb||||false|false\u00a0\u00bb global_colors_info=\u00a0\u00bb{}\u00a0\u00bb][et_pb_row column_structure=\u00a0\u00bb1_2,1_2&Prime; admin_label=\u00a0\u00bbrang\u00e9e\u00a0\u00bb _builder_version=\u00a0\u00bb4.16&Prime; background_size=\u00a0\u00bbinitial\u00a0\u00bb background_position=\u00a0\u00bbtop_left\u00a0\u00bb background_repeat=\u00a0\u00bbrepeat\u00a0\u00bb width=\u00a0\u00bb100%\u00a0\u00bb max_width=\u00a0\u00bb1200px\u00a0\u00bb global_colors_info=\u00a0\u00bb{}\u00a0\u00bb][et_pb_column type=\u00a0\u00bb1_2&Prime; _builder_version=\u00a0\u00bb4.16&Prime; custom_padding=\u00a0\u00bb|||\u00a0\u00bb global_colors_info=\u00a0\u00bb{}\u00a0\u00bb custom_padding__hover=\u00a0\u00bb|||\u00a0\u00bb][et_pb_image src=\u00a0\u00bbhttps:\/\/malihealth.org\/wp-content\/uploads\/2019\/09\/malihealth-white-logo-horizontal.png\u00a0\u00bb alt=\u00a0\u00bbMali Health logo\u00a0\u00bb title_text=\u00a0\u00bbmalihealth-white-logo-horizontal\u00a0\u00bb show_bottom_space=\u00a0\u00bboff\u00a0\u00bb _builder_version=\u00a0\u00bb4.16&Prime; transform_scale=\u00a0\u00bb74%|74%\u00a0\u00bb custom_margin=\u00a0\u00bb-80px|||-50px|false|false\u00a0\u00bb global_colors_info=\u00a0\u00bb{}\u00a0\u00bb][\/et_pb_image][et_pb_text _builder_version=\u00a0\u00bb4.16&Prime; text_font_size=\u00a0\u00bb19px\u00a0\u00bb background_color=\u00a0\u00bbrgba(255,255,255,0.8)\u00a0\u00bb custom_margin=\u00a0\u00bb|70px|||false|false\u00a0\u00bb custom_padding=\u00a0\u00bb30px|30px|14px|30px|false|false\u00a0\u00bb global_colors_info=\u00a0\u00bb{}\u00a0\u00bb]<\/p>\n<p>Il n\u2019y a jamais eu de moment plus important pour construire un avenir plus sain pour tous, en particulier pour les m\u00e8res et les enfants qui luttent encore pour acc\u00e9der \u00e0 des soins de sant\u00e9 de qualit\u00e9.<\/p>\n<div dir=\"ltr\"><strong>Mais nous ne pouvons pas le faire sans votre aide.<\/strong><span style=\"font-size: 12.8px;\"><br \/><\/span><\/div>\n<p>&nbsp;<\/p>\n<p>[\/et_pb_text][et_pb_code _builder_version=\u00a0\u00bb4.16&Prime; background_color=\u00a0\u00bbrgba(255,255,255,0.8)\u00a0\u00bb min_height=\u00a0\u00bb865px\u00a0\u00bb custom_margin=\u00a0\u00bb-20px|70px|||false|false\u00a0\u00bb custom_padding=\u00a0\u00bb20px|30px|0px|30px|false|false\u00a0\u00bb global_colors_info=\u00a0\u00bb{}\u00a0\u00bb]<script src=\"https:\/\/donorbox.org\/widget.js\" paypalexpress=\"true\"><\/script><iframe loading=\"lazy\" allowpaymentrequest=\"\" frameborder=\"0\" height=\"900px\" name=\"donorbox\" scrolling=\"no\" seamless=\"seamless\" src=\"https:\/\/donorbox.org\/embed\/mothersday2020\" style=\"max-width: 500px; min-width: 250px; max-height:none!important\" width=\"100%\"><\/iframe>[\/et_pb_code][et_pb_text admin_label=\u00a0\u00bbText\u00a0\u00bb _builder_version=\u00a0\u00bb4.23.1&Prime; text_font=\u00a0\u00bbOpen Sans||||||||\u00a0\u00bb text_font_size=\u00a0\u00bb16px\u00a0\u00bb background_color=\u00a0\u00bbrgba(255,255,255,0.8)\u00a0\u00bb background_size=\u00a0\u00bbinitial\u00a0\u00bb background_position=\u00a0\u00bbtop_left\u00a0\u00bb background_repeat=\u00a0\u00bbrepeat\u00a0\u00bb custom_margin=\u00a0\u00bb-20px|70px|||false|false\u00a0\u00bb custom_padding=\u00a0\u00bb30px|30px|30px|30px|false|false\u00a0\u00bb global_colors_info=\u00a0\u00bb{}\u00a0\u00bb]<\/p>\n<p style=\"text-align: center;\"><strong>Pr\u00e9f\u00e9rez-vous faire un don par ch\u00e8que ou par fonds orient\u00e9 par le donateur ?<\/strong><\/p>\n<p style=\"text-align: center;\">Notre adresse est la suivante :<br \/>Mali Health<br \/>PO Box 51632<br \/>Durham, NC 27717<\/p>\n<p style=\"text-align: center;\"><strong>Questions?<\/strong> Envoyez un courriel \u00e0 Tara \u00e0 <a href=\"mailto:tara@malihealth.org%E2%80 %8 milliards\">tara@malihealth.org<\/a><\/p>\n<p style=\"text-align: center;\"><strong>Mentions l\u00e9gales<br \/><\/strong>Mali Health est une organisation \u00e0 but non lucratif 501(c)(3) enregistr\u00e9e aux \u00c9tats-Unis et, en tant que telle, les dons faits \u00e0 Mali Health sont d\u00e9ductibles des imp\u00f4ts des \u00c9tats-Unis en vertu de la r\u00e9glementation f\u00e9d\u00e9rale. Notre EIN est le 20-5917332. <\/p>\n<p style=\"text-align: center;\">[\/et_pb_text][\/et_pb_column][et_pb_column type=\u00a0\u00bb1_2&Prime; _builder_version=\u00a0\u00bb4.16&Prime; custom_padding=\u00a0\u00bb|||50px|false|false\u00a0\u00bb global_colors_info=\u00a0\u00bb{}\u00a0\u00bb custom_padding__hover=\u00a0\u00bb|||\u00a0\u00bb][\/et_pb_column][\/et_pb_row][\/et_pb_section]<\/p>\n","protected":false},"excerpt":{"rendered":"<p>Il n\u2019y a jamais eu de moment plus important pour construire un avenir plus sain pour tous, en particulier pour les m\u00e8res et les enfants qui luttent encore pour acc\u00e9der \u00e0 des soins de sant\u00e9 de qualit\u00e9. Mais nous ne pouvons pas le faire sans votre aide. &nbsp;Pr\u00e9f\u00e9rez-vous faire un don par ch\u00e8que ou par [&hellip;]<\/p>\n","protected":false},"author":5,"featured_media":0,"parent":0,"menu_order":0,"comment_status":"closed","ping_status":"closed","template":"","meta":{"_et_pb_use_builder":"on","_et_pb_old_content":"","_et_gb_content_width":"","footnotes":""},"class_list":["post-5056","page","type-page","status-publish","hentry"],"_links":{"self":[{"href":"https:\/\/malihealth.org\/fr\/wp-json\/wp\/v2\/pages\/5056","targetHints":{"allow":["GET"]}}],"collection":[{"href":"https:\/\/malihealth.org\/fr\/wp-json\/wp\/v2\/pages"}],"about":[{"href":"https:\/\/malihealth.org\/fr\/wp-json\/wp\/v2\/types\/page"}],"author":[{"embeddable":true,"href":"https:\/\/malihealth.org\/fr\/wp-json\/wp\/v2\/users\/5"}],"replies":[{"embeddable":true,"href":"https:\/\/malihealth.org\/fr\/wp-json\/wp\/v2\/comments?post=5056"}],"version-history":[{"count":9,"href":"https:\/\/malihealth.org\/fr\/wp-json\/wp\/v2\/pages\/5056\/revisions"}],"predecessor-version":[{"id":5402,"href":"https:\/\/malihealth.org\/fr\/wp-json\/wp\/v2\/pages\/5056\/revisions\/5402"}],"wp:attachment":[{"href":"https:\/\/malihealth.org\/fr\/wp-json\/wp\/v2\/media?parent=5056"}],"curies":[{"name":"wp","href":"https:\/\/api.w.org\/{rel}","templated":true}]}}