{"id":5541,"date":"2025-09-08T03:19:22","date_gmt":"2025-09-08T03:19:22","guid":{"rendered":"https:\/\/malihealth.org\/aidez-au-lancement-de-sugu-sugu\/"},"modified":"2025-09-25T09:08:15","modified_gmt":"2025-09-25T09:08:15","slug":"aidez-au-lancement-de-sugu-sugu","status":"publish","type":"page","link":"https:\/\/malihealth.org\/fr\/aidez-au-lancement-de-sugu-sugu\/","title":{"rendered":"Aidez au lancement de sugu sugu"},"content":{"rendered":"<p>[et_pb_section fb_built=\u00a0\u00bb1&Prime; admin_label=\u00a0\u00bbsection\u00a0\u00bb _builder_version=\u00a0\u00bb4.27.4&Prime; background_image=\u00a0\u00bbhttps:\/\/malihealth.org\/wp-content\/uploads\/2025\/09\/Femme-avec-tissus-scaled.jpg\u00a0\u00bb parallax=\u00a0\u00bbon\u00a0\u00bb parallax_method=\u00a0\u00bboff\u00a0\u00bb max_width=\u00a0\u00bb2000%\u00a0\u00bb module_alignment=\u00a0\u00bbcenter\u00a0\u00bb custom_margin=\u00a0\u00bb||||false|false\u00a0\u00bb custom_padding=\u00a0\u00bb||||false|false\u00a0\u00bb global_colors_info=\u00a0\u00bb{}\u00a0\u00bb][et_pb_row column_structure=\u00a0\u00bb1_2,1_2&Prime; admin_label=\u00a0\u00bbrang\u00e9e\u00a0\u00bb _builder_version=\u00a0\u00bb4.16&Prime; background_size=\u00a0\u00bbinitial\u00a0\u00bb background_position=\u00a0\u00bbtop_left\u00a0\u00bb background_repeat=\u00a0\u00bbrepeat\u00a0\u00bb width=\u00a0\u00bb100%\u00a0\u00bb max_width=\u00a0\u00bb1200px\u00a0\u00bb global_colors_info=\u00a0\u00bb{}\u00a0\u00bb][et_pb_column type=\u00a0\u00bb1_2&Prime; _builder_version=\u00a0\u00bb4.16&Prime; custom_padding=\u00a0\u00bb|||\u00a0\u00bb global_colors_info=\u00a0\u00bb{}\u00a0\u00bb custom_padding__hover=\u00a0\u00bb|||\u00a0\u00bb][\/et_pb_column][et_pb_column type=\u00a0\u00bb1_2&Prime; _builder_version=\u00a0\u00bb4.16&Prime; custom_padding=\u00a0\u00bb|||50px|false|false\u00a0\u00bb global_colors_info=\u00a0\u00bb{}\u00a0\u00bb custom_padding__hover=\u00a0\u00bb|||\u00a0\u00bb][et_pb_image src=\u00a0\u00bbhttps:\/\/malihealth.org\/wp-content\/uploads\/2025\/08\/Sugu-Sugu-logo-horizontal-black.png\u00a0\u00bb title_text=\u00a0\u00bbSugu Sugu logo horizontal noir\u00a0\u00bb _builder_version=\u00a0\u00bb4.27.4&Prime; _module_preset=\u00a0\u00bbdefault\u00a0\u00bb custom_margin=\u00a0\u00bb40px||40px||false|false\u00a0\u00bb global_colors_info=\u00a0\u00bb{}\u00a0\u00bb][\/et_pb_image][et_pb_code _builder_version=\u00a0\u00bb4.27.4&Prime; _module_preset=\u00a0\u00bbdefault\u00a0\u00bb text_orientation=\u00a0\u00bbright\u00a0\u00bb hover_enabled=\u00a0\u00bb0&Prime; sticky_enabled=\u00a0\u00bb0&Prime;]\n<div role=\"navigation\" aria-label=\"S\u00e9lecteur de langue\" class=\"wpml-ls-statics-shortcode_actions wpml-ls wpml-ls-legacy-list-horizontal\">\n\t<ul><li class=\"wpml-ls-slot-shortcode_actions wpml-ls-item wpml-ls-item-en wpml-ls-first-item wpml-ls-item-legacy-list-horizontal\">\n\t\t\t\t<a href=\"https:\/\/malihealth.org\/\" hreflang=\"en\" lang=\"en\" class=\"wpml-ls-link\" aria-label=\"Passer \u00e0 English\" title=\"Passer \u00e0 English\">\n\t\t\t\t\t<span class=\"wpml-ls-native\">English<\/span><\/a>\n\t\t\t<\/li><li class=\"wpml-ls-slot-shortcode_actions wpml-ls-item wpml-ls-item-fr wpml-ls-current-language wpml-ls-item-legacy-list-horizontal\">\n\t\t\t\t<a href=\"https:\/\/malihealth.org\/fr\/\" hreflang=\"fr\" lang=\"fr\" class=\"wpml-ls-link\" aria-current=\"page\" aria-label=\"Passer \u00e0 Fran\u00e7ais\" title=\"Passer \u00e0 Fran\u00e7ais\">\n\t\t\t\t\t<span class=\"wpml-ls-native\">Fran\u00e7ais<\/span><\/a>\n\t\t\t<\/li><li class=\"wpml-ls-slot-shortcode_actions wpml-ls-item wpml-ls-item-ba wpml-ls-last-item wpml-ls-item-legacy-list-horizontal\">\n\t\t\t\t<a href=\"https:\/\/malihealth.org\/ba\/\" hreflang=\"ba\" lang=\"ba\" class=\"wpml-ls-link\" aria-label=\"Passer \u00e0 Bamanankan\" title=\"Passer \u00e0 Bamanankan\">\n\t\t\t\t\t<span class=\"wpml-ls-native\">Bamanankan<\/span><\/a>\n\t\t\t<\/li><\/ul>\n<\/div>\n[\/et_pb_code][et_pb_text _builder_version=\u00a0\u00bb4.27.4&Prime; text_font_size=\u00a0\u00bb19px\u00a0\u00bb background_color=\u00a0\u00bbrgba(255,255,255,0.5)\u00a0\u00bb module_alignment=\u00a0\u00bbcenter\u00a0\u00bb custom_margin=\u00a0\u00bb||||false|false\u00a0\u00bb custom_padding=\u00a0\u00bb30px|30px|30px|30px|false|false\u00a0\u00bb global_colors_info=\u00a0\u00bb{}\u00a0\u00bb]<\/p>\n<p>Nous lan\u00e7ons <strong>sugu sugu<\/strong> parce que nous croyons que chaque femme et chaque enfant m\u00e9rite d\u2019avoir acc\u00e8s \u00e0 des soins de sant\u00e9 de qualit\u00e9 dans leurs communaut\u00e9s.<\/p>\n<p style=\"text-align: left;\">Nous \u00e9laborons des plans d\u2019affaires pour des opportunit\u00e9s nouvelles et existantes et nos partenaires coop\u00e9ratifs ont besoin d\u2019une aide suppl\u00e9mentaire pour d\u00e9marrer. Ils ont des co\u00fbts tels que de nouveaux \u00e9quipements et mat\u00e9riaux, et une formation suppl\u00e9mentaire pour am\u00e9liorer leurs comp\u00e9tences, afin qu\u2019ils puissent am\u00e9liorer la qualit\u00e9 de leurs produits. <\/p>\n<p><strong>Nous recueillons 25 000 $ pour lancer cette nouvelle marque, pour aider nos partenaires \u00e0 b\u00e2tir leurs coop\u00e9ratives et pour forger une nouvelle voie locale durable pour financer notre travail.<\/strong><\/p>\n<p>[\/et_pb_text][et_pb_code _builder_version=\u00a0\u00bb4.27.4&Prime; background_color=\u00a0\u00bbrgba(255,255,255,0.5)\u00a0\u00bb module_alignment=\u00a0\u00bbcenter\u00a0\u00bb min_height=\u00a0\u00bb865px\u00a0\u00bb custom_margin=\u00a0\u00bb||||false|false\u00a0\u00bb custom_padding=\u00a0\u00bb30px|30px|30px|30px|false|false\u00a0\u00bb global_colors_info=\u00a0\u00bb{}\u00a0\u00bb]<script src=\"https:\/\/donorbox.org\/widget.js\" paypalexpress=\"true\"><\/script> <iframe loading=\"lazy\" src=\"https:\/\/donorbox.org\/embed\/sugu-sugu-launch?\" name=\"donorbox\" allowpaymentrequest=\"allowpaymentrequest\" seamless=\"seamless\" frameborder=\"0\" scrolling=\"no\" height=\"900px\" width=\"100%\" style=\"max-width: 500px; min-width: 250px; max-height:none!important\" allow=\"payment\"><\/iframe>[\/et_pb_code][et_pb_text admin_label=\u00a0\u00bbText\u00a0\u00bb _builder_version=\u00a0\u00bb4.27.4&Prime; text_font=\u00a0\u00bbOpen Sans||||||||\u00a0\u00bb text_font_size=\u00a0\u00bb16px\u00a0\u00bb background_color=\u00a0\u00bbrgba(255,255,255,0.5)\u00a0\u00bb background_size=\u00a0\u00bbinitial\u00a0\u00bb background_position=\u00a0\u00bbtop_left\u00a0\u00bb background_repeat=\u00a0\u00bbrepeat\u00a0\u00bb module_alignment=\u00a0\u00bbcenter\u00a0\u00bb custom_margin=\u00a0\u00bb||||false|false\u00a0\u00bb custom_padding=\u00a0\u00bb30px|30px|30px|30px|false|false\u00a0\u00bb global_colors_info=\u00a0\u00bb{}\u00a0\u00bb]<\/p>\n<p style=\"text-align: center;\"><strong>Pr\u00e9f\u00e9rez-vous faire un don par ch\u00e8que ou par fonds orient\u00e9 par le donateur ?<\/strong><\/p>\n<p style=\"text-align: center;\">Notre adresse est la suivante :<br \/>Mali Health<br \/>PO Box 51632<br \/>Durham, NC 27717<\/p>\n<p style=\"text-align: center;\"><strong>Questions?<\/strong> Envoyez un courriel \u00e0 Tara \u00e0 <a href=\"mailto:tara@malihealth.org%E2%80 %8 milliards\">tara@malihealth.org<\/a><\/p>\n<p style=\"text-align: center;\"><strong>Mentions l\u00e9gales<br \/><\/strong>Mali Health est une organisation \u00e0 but non lucratif 501(c)(3) enregistr\u00e9e aux \u00c9tats-Unis et, en tant que telle, les dons faits \u00e0 Mali Health sont d\u00e9ductibles des imp\u00f4ts des \u00c9tats-Unis en vertu de la r\u00e9glementation f\u00e9d\u00e9rale. Notre EIN est le 20-5917332. <\/p>\n<p style=\"text-align: center;\">[\/et_pb_text][\/et_pb_column][\/et_pb_row][\/et_pb_section]<\/p>\n","protected":false},"excerpt":{"rendered":"<p>\n<div role=\"navigation\" aria-label=\"S\u00e9lecteur de langue\" class=\"wpml-ls-statics-shortcode_actions wpml-ls wpml-ls-legacy-list-horizontal\">\n\t<ul><li class=\"wpml-ls-slot-shortcode_actions wpml-ls-item wpml-ls-item-en wpml-ls-first-item wpml-ls-item-legacy-list-horizontal\">\n\t\t\t\t<a href=\"https:\/\/malihealth.org\/\" hreflang=\"en\" lang=\"en\" class=\"wpml-ls-link\" aria-label=\"Passer \u00e0 English\" title=\"Passer \u00e0 English\">\n\t\t\t\t\t<span class=\"wpml-ls-native\">English<\/span><\/a>\n\t\t\t<\/li><li class=\"wpml-ls-slot-shortcode_actions wpml-ls-item wpml-ls-item-fr wpml-ls-current-language wpml-ls-item-legacy-list-horizontal\">\n\t\t\t\t<a href=\"https:\/\/malihealth.org\/fr\/\" hreflang=\"fr\" lang=\"fr\" class=\"wpml-ls-link\" aria-current=\"page\" aria-label=\"Passer \u00e0 Fran\u00e7ais\" title=\"Passer \u00e0 Fran\u00e7ais\">\n\t\t\t\t\t<span class=\"wpml-ls-native\">Fran\u00e7ais<\/span><\/a>\n\t\t\t<\/li><li class=\"wpml-ls-slot-shortcode_actions wpml-ls-item wpml-ls-item-ba wpml-ls-last-item wpml-ls-item-legacy-list-horizontal\">\n\t\t\t\t<a href=\"https:\/\/malihealth.org\/ba\/\" hreflang=\"ba\" lang=\"ba\" class=\"wpml-ls-link\" aria-label=\"Passer \u00e0 Bamanankan\" title=\"Passer \u00e0 Bamanankan\">\n\t\t\t\t\t<span class=\"wpml-ls-native\">Bamanankan<\/span><\/a>\n\t\t\t<\/li><\/ul>\n<\/div>\nNous lan\u00e7ons sugu sugu parce que nous croyons que chaque femme et chaque enfant m\u00e9rite d\u2019avoir acc\u00e8s \u00e0 des soins de sant\u00e9 de qualit\u00e9 dans leurs communaut\u00e9s. Nous \u00e9laborons des plans d\u2019affaires pour des opportunit\u00e9s nouvelles et existantes et nos partenaires coop\u00e9ratifs ont besoin d\u2019une aide suppl\u00e9mentaire pour d\u00e9marrer. Ils ont des co\u00fbts tels que [&hellip;]<\/p>\n","protected":false},"author":10,"featured_media":0,"parent":0,"menu_order":0,"comment_status":"closed","ping_status":"closed","template":"","meta":{"_et_pb_use_builder":"on","_et_pb_old_content":"","_et_gb_content_width":"","footnotes":""},"class_list":["post-5541","page","type-page","status-publish","hentry"],"_links":{"self":[{"href":"https:\/\/malihealth.org\/fr\/wp-json\/wp\/v2\/pages\/5541","targetHints":{"allow":["GET"]}}],"collection":[{"href":"https:\/\/malihealth.org\/fr\/wp-json\/wp\/v2\/pages"}],"about":[{"href":"https:\/\/malihealth.org\/fr\/wp-json\/wp\/v2\/types\/page"}],"author":[{"embeddable":true,"href":"https:\/\/malihealth.org\/fr\/wp-json\/wp\/v2\/users\/10"}],"replies":[{"embeddable":true,"href":"https:\/\/malihealth.org\/fr\/wp-json\/wp\/v2\/comments?post=5541"}],"version-history":[{"count":4,"href":"https:\/\/malihealth.org\/fr\/wp-json\/wp\/v2\/pages\/5541\/revisions"}],"predecessor-version":[{"id":5554,"href":"https:\/\/malihealth.org\/fr\/wp-json\/wp\/v2\/pages\/5541\/revisions\/5554"}],"wp:attachment":[{"href":"https:\/\/malihealth.org\/fr\/wp-json\/wp\/v2\/media?parent=5541"}],"curies":[{"name":"wp","href":"https:\/\/api.w.org\/{rel}","templated":true}]}}