{"id":5544,"date":"2025-09-06T21:18:45","date_gmt":"2025-09-06T21:18:45","guid":{"rendered":"https:\/\/malihealth.org\/fete-de-location-a-bamako\/"},"modified":"2025-09-25T09:19:01","modified_gmt":"2025-09-25T09:19:01","slug":"fete-de-location-a-bamako","status":"publish","type":"page","link":"https:\/\/malihealth.org\/fr\/fete-de-location-a-bamako\/","title":{"rendered":"F\u00eate de location \u00e0 Bamako"},"content":{"rendered":"<p>[et_pb_section fb_built=\u00a0\u00bb1&Prime; admin_label=\u00a0\u00bbsection\u00a0\u00bb _builder_version=\u00a0\u00bb4.27.4&Prime; background_color=\u00a0\u00bb#FFFFFF\u00a0\u00bb background_image=\u00a0\u00bbhttps:\/\/malihealth.org\/wp-content\/uploads\/2020\/05\/PeriUrban_Sambisko.jpg\u00a0\u00bb parallax=\u00a0\u00bbon\u00a0\u00bb parallax_method=\u00a0\u00bboff\u00a0\u00bb width=\u00a0\u00bb100%\u00a0\u00bb module_alignment=\u00a0\u00bbcenter\u00a0\u00bb custom_margin=\u00a0\u00bb|-10px|||false|false\u00a0\u00bb custom_padding=\u00a0\u00bb||||false|false\u00a0\u00bb global_colors_info=\u00a0\u00bb{}\u00a0\u00bb][et_pb_row _builder_version=\u00a0\u00bb4.27.4&Prime; _module_preset=\u00a0\u00bbdefault\u00a0\u00bb custom_padding=\u00a0\u00bb19px|||||\u00a0\u00bb global_colors_info=\u00a0\u00bb{}\u00a0\u00bb][et_pb_column type=\u00a0\u00bb4_4&Prime; _builder_version=\u00a0\u00bb4.27.4&Prime; _module_preset=\u00a0\u00bbdefault\u00a0\u00bb global_colors_info=\u00a0\u00bb{}\u00a0\u00bb][et_pb_text _builder_version=\u00a0\u00bb4.27.4&Prime; _module_preset=\u00a0\u00bbdefault\u00a0\u00bb text_font=\u00a0\u00bbQuestrial||||||||\u00a0\u00bb text_text_color=\u00a0\u00bb#FFFFFF\u00a0\u00bb text_font_size=\u00a0\u00bb44px\u00a0\u00bb text_line_height=\u00a0\u00bb1.1em\u00a0\u00bb header_font=\u00a0\u00bbQuestrial||||||||\u00a0\u00bb header_text_color=\u00a0\u00bb#FFFFFF\u00a0\u00bb header_font_size=\u00a0\u00bb60px\u00a0\u00bb background_color=\u00a0\u00bbrgba(41,59,69,0.29)\u00a0\u00bb text_text_shadow_style=\u00a0\u00bbpreset1&Prime; text_text_shadow_blur_strength=\u00a0\u00bb0.48em\u00a0\u00bb text_text_shadow_color=\u00a0\u00bb#000000&Prime; header_text_shadow_style=\u00a0\u00bbpreset2&Prime; header_text_shadow_blur_strength=\u00a0\u00bb0.19em\u00a0\u00bb header_text_shadow_color=\u00a0\u00bb#000000&Prime; border_radii=\u00a0\u00bbon|1px|1px|1px|1px\u00a0\u00bb border_color_all=\u00a0\u00bb#212547&Prime; global_colors_info=\u00a0\u00bb{}\u00a0\u00bb]<\/p>\n<h1 style=\"text-align: center;\">Rejoignez-nous pour une soir\u00e9e de location \u00e0 Bamako !<\/h1>\n<p style=\"text-align: center;\">chez Gojo \u00e0 Durham, Caroline du Nord<br \/>4 octobre, 19 h &#8211; 22 h<\/p>\n<p>[\/et_pb_text][\/et_pb_column][\/et_pb_row][et_pb_row column_structure=\u00a0\u00bb1_2,1_2&Prime; admin_label=\u00a0\u00bbrang\u00e9e\u00a0\u00bb _builder_version=\u00a0\u00bb4.27.4&Prime; background_size=\u00a0\u00bbinitial\u00a0\u00bb background_position=\u00a0\u00bbtop_left\u00a0\u00bb background_repeat=\u00a0\u00bbrepeat\u00a0\u00bb width=\u00a0\u00bb100%\u00a0\u00bb max_width=\u00a0\u00bb1400px\u00a0\u00bb module_alignment=\u00a0\u00bbcenter\u00a0\u00bb custom_padding=\u00a0\u00bb||40px||false|false\u00a0\u00bb global_colors_info=\u00a0\u00bb{}\u00a0\u00bb][et_pb_column type=\u00a0\u00bb1_2&Prime; _builder_version=\u00a0\u00bb4.16&Prime; custom_padding=\u00a0\u00bb|||\u00a0\u00bb global_colors_info=\u00a0\u00bb{}\u00a0\u00bb custom_padding__hover=\u00a0\u00bb|||\u00a0\u00bb][et_pb_text _builder_version=\u00a0\u00bb4.27.4&Prime; text_font_size=\u00a0\u00bb19px\u00a0\u00bb header_font=\u00a0\u00bbLeague Spartan||||||||\u00a0\u00bb background_color=\u00a0\u00bbrgba(255,255,255,0.8)\u00a0\u00bb module_alignment=\u00a0\u00bbcenter\u00a0\u00bb custom_margin=\u00a0\u00bb||||false|false\u00a0\u00bb custom_padding=\u00a0\u00bb30px|30px|30px|30px|false|false\u00a0\u00bb global_colors_info=\u00a0\u00bb{}\u00a0\u00bb]<\/p>\n<h1>Billets<\/h1>\n<p>Venez nous rejoindre pour une grande f\u00eate et laissez-vous transporter dans le Bamako des ann\u00e9es 1960. Nous vous promettons une soir\u00e9e de grande musique afro funk et malienne, une vitrine des meilleurs photographes du Mali, et des vibrations encore meilleures. Nous apporterons le James Brown et l\u2019Ali Farka Tour\u00e9, vous allez apporter les pantalons \u00e0 pattes d\u2019\u00e9l\u00e9phant&#8230;  <\/p>\n<p>[\/et_pb_text][et_pb_code _builder_version=\u00a0\u00bb4.27.4&Prime; _module_preset=\u00a0\u00bbdefault\u00a0\u00bb module_alignment=\u00a0\u00bbcenter\u00a0\u00bb custom_padding=\u00a0\u00bb10px|10px|10px|10px|false|false\u00a0\u00bb global_colors_info=\u00a0\u00bb{}\u00a0\u00bb]<script src=\"https:\/\/donorbox.org\/widgets.js?language=en-us\" type=\"module\" async=\"async\" defer><\/script><dbox-widget id=\"embed-widget\" type=\"event\" campaign=\"811856\"><\/dbox-widget>[\/et_pb_code][et_pb_text _builder_version=\u00a0\u00bb4.27.4&Prime; text_font_size=\u00a0\u00bb19px\u00a0\u00bb header_font=\u00a0\u00bbLeague Spartan||||||||\u00a0\u00bb background_color=\u00a0\u00bbrgba(255,255,255,0.8)\u00a0\u00bb module_alignment=\u00a0\u00bbcenter\u00a0\u00bb custom_margin=\u00a0\u00bb|0px|||false|false\u00a0\u00bb custom_padding=\u00a0\u00bb30px|30px|30px|30px|false|false\u00a0\u00bb global_colors_info=\u00a0\u00bb{}\u00a0\u00bb]<\/p>\n<h1>Qu\u2019est-ce qu\u2019une f\u00eate de location \u00e0 Bamako, demandez-vous ?<\/h1>\n<div dir=\"ltr\">\n<p>Comme tant d\u2019autres, nous avons \u00e9t\u00e9 profond\u00e9ment touch\u00e9s par les coupes dans l\u2019USAID. Donc, nous faisons une collecte de fonds suppl\u00e9mentaire &#8211; \u00e0 notre fa\u00e7on. <\/p>\n<p>Les f\u00eates de location ont commenc\u00e9 \u00e0 Harlem dans les ann\u00e9es 1920 comme un moyen d\u2019aider les gens \u00e0 payer le loyer. Si le premier du mois arrivait et que vous manquiez de poids, vous organisiez une bonne f\u00eate, invitiez vos amis et passiez le chapeau (ou dans notre cas, la calebasse). Tout le monde a mis la main \u00e0 la p\u00e2te et s\u2019est bien amus\u00e9. Nous aimons l\u2019id\u00e9e d\u2019apporter de la joie, de la culture et de la solidarit\u00e9 dans un situation difficile &#8211; alors nous faisons de m\u00eame.   <\/p>\n<p>Les ann\u00e9es 1960 \u00e9taient une p\u00e9riode d\u2019espoir \u00e0 Bamako et dans toute l\u2019Afrique de l\u2019Ouest. Dans le contexte de l\u2019ind\u00e9pendance et de la d\u00e9colonisation, la vie nocturne, la mode et la culture de la jeunesse de Bamako \u00e9taient \u00e0 leur apog\u00e9e. L\u2019avenir \u00e9tait prometteur et les possibilit\u00e9s semblaient infinies &#8211; et nous pourrions tous en avoir besoin un peu en ce moment. Venez nous rejoindre, vous tous.   <\/p>\n<\/div>\n<p>[\/et_pb_text][\/et_pb_column][et_pb_column type=\u00a0\u00bb1_2&Prime; _builder_version=\u00a0\u00bb4.27.4&Prime; custom_padding=\u00a0\u00bb||||false|false\u00a0\u00bb global_colors_info=\u00a0\u00bb{}\u00a0\u00bb custom_padding__hover=\u00a0\u00bb|||\u00a0\u00bb][et_pb_text _builder_version=\u00a0\u00bb4.27.4&Prime; text_font_size=\u00a0\u00bb19px\u00a0\u00bb header_font=\u00a0\u00bbLeague Spartan||||||||\u00a0\u00bb background_color=\u00a0\u00bbrgba(255,255,255,0.8)\u00a0\u00bb module_alignment=\u00a0\u00bbcenter\u00a0\u00bb custom_margin=\u00a0\u00bb||||false|false\u00a0\u00bb custom_padding=\u00a0\u00bb30px|30px|30px|30px|false|false\u00a0\u00bb global_colors_info=\u00a0\u00bb{}\u00a0\u00bb]<\/p>\n<h1><span>Vous ne pouvez pas vous joindre \u00e0 nous en personne&nbsp;? Montrez votre soutien ! <\/span><\/h1>\n<p><span>  Aider les communaut\u00e9s \u00e0 garder les femmes et les enfants connect\u00e9s aux soins de sant\u00e9 vitaux au Mali.<\/span><\/p>\n<p>[\/et_pb_text][et_pb_code _builder_version=\u00a0\u00bb4.27.4&Prime; background_color=\u00a0\u00bbrgba(255,255,255,0.8)\u00a0\u00bb text_orientation=\u00a0\u00bbcenter\u00a0\u00bb module_alignment=\u00a0\u00bbcenter\u00a0\u00bb min_height=\u00a0\u00bb865px\u00a0\u00bb custom_margin=\u00a0\u00bb||||false|false\u00a0\u00bb custom_padding=\u00a0\u00bb30px||30px||false|false\u00a0\u00bb global_colors_info=\u00a0\u00bb{}\u00a0\u00bb]<script src=\"https:\/\/donorbox.org\/widget.js\" paypalexpress=\"true\"><\/script> <iframe loading=\"lazy\" src=\"https:\/\/donorbox.org\/embed\/bamako-rent-party-2025?\" name=\"donorbox\" allowpaymentrequest=\"allowpaymentrequest\" seamless=\"seamless\" frameborder=\"0\" scrolling=\"no\" height=\"900px\" width=\"100%\" style=\"max-width: 500px; max-height:none!important\" allow=\"payment\"><\/iframe>[\/et_pb_code][et_pb_text admin_label=\u00a0\u00bbText\u00a0\u00bb _builder_version=\u00a0\u00bb4.27.4&Prime; text_font=\u00a0\u00bbOpen Sans||||||||\u00a0\u00bb text_font_size=\u00a0\u00bb16px\u00a0\u00bb background_color=\u00a0\u00bbrgba(255,255,255,0.8)\u00a0\u00bb background_size=\u00a0\u00bbinitial\u00a0\u00bb background_position=\u00a0\u00bbtop_left\u00a0\u00bb background_repeat=\u00a0\u00bbrepeat\u00a0\u00bb module_alignment=\u00a0\u00bbcenter\u00a0\u00bb custom_margin=\u00a0\u00bb0px|0px|||false|false\u00a0\u00bb custom_padding=\u00a0\u00bb30px|30px|30px|30px|false|false\u00a0\u00bb global_colors_info=\u00a0\u00bb{}\u00a0\u00bb]<\/p>\n<p style=\"text-align: center;\"><strong>Pr\u00e9f\u00e9rez-vous faire un don par ch\u00e8que ou par fonds orient\u00e9 par le donateur ?<\/strong><\/p>\n<p style=\"text-align: center;\">Notre adresse est la suivante :<br \/>Mali Health<br \/>PO Box 51632<br \/>Durham, NC 27717<\/p>\n<p style=\"text-align: center;\"><strong>Questions?<\/strong> Envoyez un courriel \u00e0 Tara \u00e0 <a href=\"mailto:tara@malihealth.org%E2%80 %8 milliards\">tara@malihealth.org<\/a><\/p>\n<p style=\"text-align: center;\"><strong>Mentions l\u00e9gales<br \/><\/strong>Mali Health est une organisation \u00e0 but non lucratif 501(c)(3) enregistr\u00e9e aux \u00c9tats-Unis et, en tant que telle, les dons faits \u00e0 Mali Health sont d\u00e9ductibles des imp\u00f4ts des \u00c9tats-Unis en vertu de la r\u00e9glementation f\u00e9d\u00e9rale. Notre EIN est le 20-5917332. <\/p>\n<p style=\"text-align: center;\">[\/et_pb_text][et_pb_image src=\u00a0\u00bbhttps:\/\/malihealth.org\/wp-content\/uploads\/2019\/09\/malihealth-white-logo-horizontal.png\u00a0\u00bb alt=\u00a0\u00bbMali Health logo\u00a0\u00bb title_text=\u00a0\u00bbmalihealth-white-logo-horizontal\u00a0\u00bb show_bottom_space=\u00a0\u00bboff\u00a0\u00bb _builder_version=\u00a0\u00bb4.27.4&Prime; transform_scale=\u00a0\u00bb74%|74%\u00a0\u00bb custom_margin=\u00a0\u00bb||||false|false\u00a0\u00bb global_colors_info=\u00a0\u00bb{}\u00a0\u00bb][\/et_pb_image][\/et_pb_column][\/et_pb_row][\/et_pb_section]<\/p>\n","protected":false},"excerpt":{"rendered":"<p>Rejoignez-nous pour une soir\u00e9e de location \u00e0 Bamako ! chez Gojo \u00e0 Durham, Caroline du Nord4 octobre, 19 h &#8211; 22 hBillets Venez nous rejoindre pour une grande f\u00eate et laissez-vous transporter dans le Bamako des ann\u00e9es 1960. Nous vous promettons une soir\u00e9e de grande musique afro funk et malienne, une vitrine des meilleurs photographes [&hellip;]<\/p>\n","protected":false},"author":10,"featured_media":0,"parent":0,"menu_order":0,"comment_status":"closed","ping_status":"closed","template":"","meta":{"_et_pb_use_builder":"on","_et_pb_old_content":"","_et_gb_content_width":"","footnotes":""},"class_list":["post-5544","page","type-page","status-publish","hentry"],"_links":{"self":[{"href":"https:\/\/malihealth.org\/fr\/wp-json\/wp\/v2\/pages\/5544","targetHints":{"allow":["GET"]}}],"collection":[{"href":"https:\/\/malihealth.org\/fr\/wp-json\/wp\/v2\/pages"}],"about":[{"href":"https:\/\/malihealth.org\/fr\/wp-json\/wp\/v2\/types\/page"}],"author":[{"embeddable":true,"href":"https:\/\/malihealth.org\/fr\/wp-json\/wp\/v2\/users\/10"}],"replies":[{"embeddable":true,"href":"https:\/\/malihealth.org\/fr\/wp-json\/wp\/v2\/comments?post=5544"}],"version-history":[{"count":4,"href":"https:\/\/malihealth.org\/fr\/wp-json\/wp\/v2\/pages\/5544\/revisions"}],"predecessor-version":[{"id":5565,"href":"https:\/\/malihealth.org\/fr\/wp-json\/wp\/v2\/pages\/5544\/revisions\/5565"}],"wp:attachment":[{"href":"https:\/\/malihealth.org\/fr\/wp-json\/wp\/v2\/media?parent=5544"}],"curies":[{"name":"wp","href":"https:\/\/api.w.org\/{rel}","templated":true}]}}