{"id":5587,"date":"2023-09-20T14:36:58","date_gmt":"2023-09-20T14:36:58","guid":{"rendered":"https:\/\/malihealth.org\/en-souvenir-de-gaoussou\/"},"modified":"2025-09-26T10:57:14","modified_gmt":"2025-09-26T10:57:14","slug":"en-souvenir-de-gaoussou","status":"publish","type":"page","link":"https:\/\/malihealth.org\/fr\/en-souvenir-de-gaoussou\/","title":{"rendered":"En souvenir de Gaoussou"},"content":{"rendered":"<p>[et_pb_section fb_built=\u00a0\u00bb1&Prime; admin_label=\u00a0\u00bbsection\u00a0\u00bb _builder_version=\u00a0\u00bb4.22.1&Prime; background_color=\u00a0\u00bb#CBB3A0&Prime; background_enable_image=\u00a0\u00bboff\u00a0\u00bb parallax=\u00a0\u00bbon\u00a0\u00bb parallax_method=\u00a0\u00bboff\u00a0\u00bb width=\u00a0\u00bb100%\u00a0\u00bb module_alignment=\u00a0\u00bbcenter\u00a0\u00bb custom_margin=\u00a0\u00bb||||false|false\u00a0\u00bb custom_padding=\u00a0\u00bb|0px|||false|false\u00a0\u00bb global_colors_info=\u00a0\u00bb{}\u00a0\u00bb][et_pb_row column_structure=\u00a0\u00bb1_2,1_2&Prime; make_equal=\u00a0\u00bbon\u00a0\u00bb admin_label=\u00a0\u00bbrang\u00e9e\u00a0\u00bb _builder_version=\u00a0\u00bb4.22.1&Prime; background_size=\u00a0\u00bbinitial\u00a0\u00bb background_position=\u00a0\u00bbtop_left\u00a0\u00bb background_repeat=\u00a0\u00bbrepeat\u00a0\u00bb width=\u00a0\u00bb100%\u00a0\u00bb max_width=\u00a0\u00bb1200px\u00a0\u00bb module_alignment=\u00a0\u00bbcenter\u00a0\u00bb global_colors_info=\u00a0\u00bb{}\u00a0\u00bb][et_pb_column type=\u00a0\u00bb1_2&Prime; _builder_version=\u00a0\u00bb4.22.1&Prime; custom_padding=\u00a0\u00bb||||false|false\u00a0\u00bb global_colors_info=\u00a0\u00bb{}\u00a0\u00bb custom_padding__hover=\u00a0\u00bb|||\u00a0\u00bb][et_pb_text _builder_version=\u00a0\u00bb4.23.2&Prime; text_font=\u00a0\u00bbOpen Sans||||||||\u00a0\u00bb text_font_size=\u00a0\u00bb16px\u00a0\u00bb background_color=\u00a0\u00bbrgba(255,255,255,0.7)\u00a0\u00bb width=\u00a0\u00bb100%\u00a0\u00bb module_alignment=\u00a0\u00bbcenter\u00a0\u00bb custom_margin=\u00a0\u00bb|||0px|false|false\u00a0\u00bb custom_padding=\u00a0\u00bb45px|30px|30px|30px|false|false\u00a0\u00bb global_colors_info=\u00a0\u00bb{}\u00a0\u00bb]<\/p>\n<h1 style=\"text-align: center;\"><span style=\"font-size: 50px; color: #a33902;\">En souvenir de Gaoussou<\/span><\/h1>\n<div>\n<p><span class=\"il\"><br \/>Gaoussou<\/span> Doumbia, directeur de notre d\u00e9partement de renforcement des capacit\u00e9s communautaires et responsable de toutes nos activit\u00e9s de financement de la <a href=\"http:\/\/malihealth.org\/health-financing\" target=\"_blank\" rel=\"noopener\">sant\u00e9 dirig\u00e9e par des femmes<\/a> , est d\u00e9c\u00e9d\u00e9 le 12 mai 2023, apr\u00e8s plusieurs mois de d\u00e9clin de sa sant\u00e9.<\/p>\n<p><span class=\"il\">Il<\/span> a rejoint Mali Health en ao\u00fbt 2015 et, en tant que membre de notre \u00e9quipe de direction, il a fait partie int\u00e9grante de notre organisation d\u00e8s le d\u00e9but. Il a imm\u00e9diatement eu un impact profond sur nos groupes d\u2019\u00e9pargne et a supervis\u00e9 le doublement de la taille du programme au cours de sa premi\u00e8re ann\u00e9e avec nous. Il a dirig\u00e9 l\u2019\u00e9laboration de notre programme de coop\u00e9ratives et le d\u00e9veloppement du projet Gnaman ni S\u00f4r\u00f4 ani K\u00e8n\u00e8ya, y compris un voyage au Ghana pour observer le mod\u00e8le que nous adaptons au Mali. Nous avons b\u00e9n\u00e9fici\u00e9 par nombreux moyens de ses connaissances approfondies et de son exp\u00e9rience en mati\u00e8re de mobilisation communautaire.   <\/p>\n<p>L\u2019expertise et les comp\u00e9tences de <span class=\"il\">Gaoussou<\/span> \u00e9taient les plus \u00e9videntes lorsqu\u2019il \u00e9tait sur le terrain, travaillant directement avec les femmes qu\u2019il servait. Il \u00e9tait une source constante d\u2019encouragement et de motivation, aidant les femmes non seulement \u00e0 reconna\u00eetre leurs r\u00e9ussites, mais les mettant toujours au d\u00e9fi de continuer \u00e0 travailler dur ensemble pour am\u00e9liorer la sant\u00e9 de leurs familles et de leurs communaut\u00e9s. Il a partag\u00e9 cette positivit\u00e9 au sein de notre \u00e9quipe, et nous nous souviendrons de lui pour son esprit g\u00e9n\u00e9reux et son sourire presque constant.  <\/p>\n<p><span class=\"il\">Il<\/span> \u00e9tait une source profonde de connaissances sur les traditions et les protocoles du Mali, et \u00e9tait souvent consult\u00e9 par le reste de notre \u00e9quipe sur la fa\u00e7on de naviguer respectueusement les rencontres selon les coutumes et les traditions locales. En tant que membre le plus \u00e2g\u00e9 de notre \u00e9quipe, <span class=\"il\">Gaoussou<\/span> \u00e9tait notre patriarche, repr\u00e9sentant Mali Health de diverses mani\u00e8res. <\/p>\n<p><span class=\"il\">Gaoussou<\/span> n\u2019avait que 48 ans et laissait derri\u00e8re lui une famille bas\u00e9e \u00e0 S\u00e9gou, compos\u00e9e de sa m\u00e8re, Koumafing Kon\u00e9, de ses \u00e9pouses A\u00efssata Soucko et Trena Ke\u00efta, et de ses enfants Djeneba (17 ans), Mamoutou (12 ans), Moussa (10 ans) et Toumani (4 ans).<\/p>\n<\/div>\n<div> <\/div>\n<div> <\/div>\n<div><img loading=\"lazy\" decoding=\"async\" class=\"wp-image-3168 alignnone size-full\" style=\"display: block; margin-left: auto; margin-right: auto;\" src=\"https:\/\/malihealth.org\/wp-content\/uploads\/2022\/09\/arrow_right-e1695220032624.png\" alt=\"\" width=\"41\" height=\"28\"><\/div>\n<div> <\/div>\n<div> <\/div>\n<p>[\/et_pb_text][\/et_pb_column][et_pb_column type=\u00a0\u00bb1_2&Prime; _builder_version=\u00a0\u00bb4.16&Prime; custom_padding=\u00a0\u00bb|||\u00a0\u00bb global_colors_info=\u00a0\u00bb{}\u00a0\u00bb custom_padding__hover=\u00a0\u00bb|||\u00a0\u00bb][et_pb_code _builder_version=\u00a0\u00bb4.27.4&Prime; _module_preset=\u00a0\u00bbdefault\u00a0\u00bb hover_enabled=\u00a0\u00bb0&Prime; global_colors_info=\u00a0\u00bb{}\u00a0\u00bb text_orientation=\u00a0\u00bbright\u00a0\u00bb sticky_enabled=\u00a0\u00bb0&Prime;]\n<div role=\"navigation\" aria-label=\"S\u00e9lecteur de langue\" class=\"wpml-ls-statics-shortcode_actions wpml-ls wpml-ls-legacy-list-horizontal\">\n\t<ul><li class=\"wpml-ls-slot-shortcode_actions wpml-ls-item wpml-ls-item-en wpml-ls-first-item wpml-ls-item-legacy-list-horizontal\">\n\t\t\t\t<a href=\"https:\/\/malihealth.org\/\" hreflang=\"en\" lang=\"en\" class=\"wpml-ls-link\" aria-label=\"Passer \u00e0 English\" title=\"Passer \u00e0 English\">\n\t\t\t\t\t<span class=\"wpml-ls-native\">English<\/span><\/a>\n\t\t\t<\/li><li class=\"wpml-ls-slot-shortcode_actions wpml-ls-item wpml-ls-item-fr wpml-ls-current-language wpml-ls-item-legacy-list-horizontal\">\n\t\t\t\t<a href=\"https:\/\/malihealth.org\/fr\/\" hreflang=\"fr\" lang=\"fr\" class=\"wpml-ls-link\" aria-current=\"page\" aria-label=\"Passer \u00e0 Fran\u00e7ais\" title=\"Passer \u00e0 Fran\u00e7ais\">\n\t\t\t\t\t<span class=\"wpml-ls-native\">Fran\u00e7ais<\/span><\/a>\n\t\t\t<\/li><li class=\"wpml-ls-slot-shortcode_actions wpml-ls-item wpml-ls-item-ba wpml-ls-last-item wpml-ls-item-legacy-list-horizontal\">\n\t\t\t\t<a href=\"https:\/\/malihealth.org\/ba\/\" hreflang=\"ba\" lang=\"ba\" class=\"wpml-ls-link\" aria-label=\"Passer \u00e0 Bamanankan\" title=\"Passer \u00e0 Bamanankan\">\n\t\t\t\t\t<span class=\"wpml-ls-native\">Bamanankan<\/span><\/a>\n\t\t\t<\/li><\/ul>\n<\/div>\n[\/et_pb_code][et_pb_image src=\u00a0\u00bbhttps:\/\/malihealth.org\/wp-content\/uploads\/2023\/09\/Gaoussou-Doumbia.jpg\u00a0\u00bb alt=\u00a0\u00bbGaoussou Doumbia lors de la c\u00e9l\u00e9bration du 10e anniversaire de Mali Health.\u00a0\u00bb title_text=\u00a0\u00bbGaoussou Doumbia\u00a0\u00bb _builder_version=\u00a0\u00bb4.22.1&Prime; _module_preset=\u00a0\u00bbdefault\u00a0\u00bb module_alignment=\u00a0\u00bbcenter\u00a0\u00bb border_width_top=\u00a0\u00bb5px\u00a0\u00bb border_color_top=\u00a0\u00bb#A33902&Prime; border_width_bottom=\u00a0\u00bb5px\u00a0\u00bb border_color_bottom=\u00a0\u00bb#A33902&Prime; global_colors_info=\u00a0\u00bb{}\u00a0\u00bb][\/et_pb_image][et_pb_text _builder_version=\u00a0\u00bb4.22.1&Prime; text_font=\u00a0\u00bbOpen Sans||||||||\u00a0\u00bb text_font_size=\u00a0\u00bb16px\u00a0\u00bb background_color=\u00a0\u00bbrgba(255,255,255,0.7)\u00a0\u00bb width=\u00a0\u00bb100%\u00a0\u00bb custom_margin=\u00a0\u00bb||||false|false\u00a0\u00bb custom_padding=\u00a0\u00bb30px|30px|30px|30px|false|false\u00a0\u00bb global_colors_info=\u00a0\u00bb{}\u00a0\u00bb]<\/p>\n<p><span style=\"font-size: large;\">L\u2019\u00e9quipe de Sant\u00e9 Mali tient \u00e0 honorer et \u00e0 se souvenir de notre ami et coll\u00e8gue en veillant \u00e0 ce que son travail et son h\u00e9ritage se poursuivent. <a href=\"https:\/\/malihealth.org\/gaoussou-fund\/\" target=\"_blank\" rel=\"noopener\"><span style=\"text-decoration: underline;\">Apprenez-en plus sur le fonds de solidarit\u00e9<\/span><\/a> que nous cr\u00e9ons en son honneur et sur la fa\u00e7on dont vous pouvez aider.<\/span><\/p>\n<p>[\/et_pb_text][\/et_pb_column][\/et_pb_row][\/et_pb_section]<\/p>\n","protected":false},"excerpt":{"rendered":"<p>En souvenir de Gaoussou Gaoussou Doumbia, directeur de notre d\u00e9partement de renforcement des capacit\u00e9s communautaires et responsable de toutes nos activit\u00e9s de financement de la sant\u00e9 dirig\u00e9e par des femmes , est d\u00e9c\u00e9d\u00e9 le 12 mai 2023, apr\u00e8s plusieurs mois de d\u00e9clin de sa sant\u00e9. Il a rejoint Mali Health en ao\u00fbt 2015 et, en [&hellip;]<\/p>\n","protected":false},"author":10,"featured_media":0,"parent":0,"menu_order":0,"comment_status":"closed","ping_status":"closed","template":"","meta":{"_et_pb_use_builder":"on","_et_pb_old_content":"","_et_gb_content_width":"","footnotes":""},"class_list":["post-5587","page","type-page","status-publish","hentry"],"_links":{"self":[{"href":"https:\/\/malihealth.org\/fr\/wp-json\/wp\/v2\/pages\/5587","targetHints":{"allow":["GET"]}}],"collection":[{"href":"https:\/\/malihealth.org\/fr\/wp-json\/wp\/v2\/pages"}],"about":[{"href":"https:\/\/malihealth.org\/fr\/wp-json\/wp\/v2\/types\/page"}],"author":[{"embeddable":true,"href":"https:\/\/malihealth.org\/fr\/wp-json\/wp\/v2\/users\/10"}],"replies":[{"embeddable":true,"href":"https:\/\/malihealth.org\/fr\/wp-json\/wp\/v2\/comments?post=5587"}],"version-history":[{"count":2,"href":"https:\/\/malihealth.org\/fr\/wp-json\/wp\/v2\/pages\/5587\/revisions"}],"predecessor-version":[{"id":5589,"href":"https:\/\/malihealth.org\/fr\/wp-json\/wp\/v2\/pages\/5587\/revisions\/5589"}],"wp:attachment":[{"href":"https:\/\/malihealth.org\/fr\/wp-json\/wp\/v2\/media?parent=5587"}],"curies":[{"name":"wp","href":"https:\/\/api.w.org\/{rel}","templated":true}]}}